{"id":474,"date":"2020-06-22T20:40:10","date_gmt":"2020-06-22T23:40:10","guid":{"rendered":"http:\/\/arquidiocesebh.org.br\/diaconatopermanente\/?page_id=474"},"modified":"2021-12-28T10:15:03","modified_gmt":"2021-12-28T13:15:03","slug":"documentos-requisitos","status":"publish","type":"page","link":"https:\/\/arquidiocesebh.org.br\/aderi\/documentos-requisitos\/","title":{"rendered":"Documenta\u00e7\u00e3o e Requisitos"},"content":{"rendered":"<h3><strong>Requisitos M\u00ednimos para Ordena\u00e7\u00e3o<\/strong><\/h3>\n<ol style=\"list-style-type: lower-alpha\">\n<li>Idade m\u00ednima de 35 anos, para casados e solteiros. Para os casados, observar tamb\u00e9m um tempo m\u00ednimo de 5 anos de matrim\u00f4nio.<\/li>\n<li>Inicia\u00e7\u00e3o crist\u00e3 completa: batismo, crisma, Eucaristia. Para os casados, \u00e9 indispens\u00e1vel o matrim\u00f4nio religioso realizado de forma can\u00f4nica.<\/li>\n<li>Experi\u00eancia m\u00ednima de cinco anos em trabalho pastoral ou social ( voluntariado em organiza\u00e7\u00f5es n\u00e3o governamentais, por exemplo).<\/li>\n<li>Domic\u00edlio can\u00f4nico na Arquidiocese de Belo Horizonte.<\/li>\n<li>Condi\u00e7\u00f5es de sa\u00fade f\u00edsica e ps\u00edquica compat\u00edveis com as atividades previstas.<\/li>\n<li>Ensino m\u00e9dio completo (segundo grau).<\/li>\n<\/ol>\n<p>&nbsp;<\/p>\n<h3><strong>Documentos iniciais necess\u00e1rios<\/strong><\/h3>\n<ol style=\"list-style-type: lower-alpha\">\n<li>Carta de apresenta\u00e7\u00e3o do atual P\u00e1roco.<\/li>\n<li>Carta de pedido pessoal do candidato para ingresso na Escola Diaconal.<\/li>\n<li>Ficha de cadastro devidamente preenchida.<\/li>\n<li>Roteiro de reflex\u00e3o respondido.<\/li>\n<li>Carta de avalia\u00e7\u00e3o do Conselho Pastoral Paroquial (CPP).<\/li>\n<li>Rela\u00e7\u00e3o de documentos.<\/li>\n<\/ol>\n","protected":false},"excerpt":{"rendered":"<p>Requisitos M\u00ednimos para Ordena\u00e7\u00e3o Idade m\u00ednima de 35 anos, para casados e solteiros. Para os casados, observar tamb\u00e9m um tempo m\u00ednimo de 5 anos de matrim\u00f4nio. Inicia\u00e7\u00e3o crist\u00e3 completa: batismo, crisma, Eucaristia. Para os casados, \u00e9 indispens\u00e1vel o matrim\u00f4nio religioso realizado de forma can\u00f4nica. Experi\u00eancia m\u00ednima de cinco anos em trabalho pastoral ou social ( [&hellip;]<\/p>\n","protected":false},"author":69,"featured_media":0,"parent":0,"menu_order":0,"comment_status":"closed","ping_status":"closed","template":"","meta":{"_acf_changed":false,"xn-wppe-expiration":[],"xn-wppe-expiration-action":[],"xn-wppe-expiration-prefix":[],"inline_featured_image":false,"footnotes":""},"class_list":["post-474","page","type-page","status-publish","hentry"],"acf":[],"_links":{"self":[{"href":"https:\/\/arquidiocesebh.org.br\/aderi\/wp-json\/wp\/v2\/pages\/474","targetHints":{"allow":["GET"]}}],"collection":[{"href":"https:\/\/arquidiocesebh.org.br\/aderi\/wp-json\/wp\/v2\/pages"}],"about":[{"href":"https:\/\/arquidiocesebh.org.br\/aderi\/wp-json\/wp\/v2\/types\/page"}],"author":[{"embeddable":true,"href":"https:\/\/arquidiocesebh.org.br\/aderi\/wp-json\/wp\/v2\/users\/69"}],"replies":[{"embeddable":true,"href":"https:\/\/arquidiocesebh.org.br\/aderi\/wp-json\/wp\/v2\/comments?post=474"}],"version-history":[{"count":0,"href":"https:\/\/arquidiocesebh.org.br\/aderi\/wp-json\/wp\/v2\/pages\/474\/revisions"}],"wp:attachment":[{"href":"https:\/\/arquidiocesebh.org.br\/aderi\/wp-json\/wp\/v2\/media?parent=474"}],"curies":[{"name":"wp","href":"https:\/\/api.w.org\/{rel}","templated":true}]}}