{"id":2454,"date":"2022-07-21T14:52:41","date_gmt":"2022-07-21T17:52:41","guid":{"rendered":"https:\/\/arquidiocesebh.org.br\/aderi\/?page_id=2454"},"modified":"2022-08-22T17:51:06","modified_gmt":"2022-08-22T20:51:06","slug":"santuario-basilica-nossa-senhora-da-piedade","status":"publish","type":"page","link":"https:\/\/arquidiocesebh.org.br\/aderi\/santuario-basilica-nossa-senhora-da-piedade\/","title":{"rendered":"Santu\u00e1rio Bas\u00edlica Nossa Senhora da Piedade"},"content":{"rendered":"<p><span style=\"font-weight: 400\">O Santu\u00e1rio Bas\u00edlica Nossa Senhora da Piedade,\u00a0 localizado a 48 km da capital mineira e a 16 km do munic\u00edpio de Caet\u00e9, \u00e9 um cen\u00e1rio de riqu\u00edssima beleza natural, no alto da montanha, a 1746 metros de altitude. Ideal para a reflex\u00e3o,\u00a0 ora\u00e7\u00e3o e o encontro com Deus, o Santu\u00e1rio que abriga a Padroeira de Minas Gerais \u00e9 prop\u00edcio para quem busca a tranquilidade e a beleza da natureza.<\/span><\/p>\n<p><span style=\"font-weight: 400\">Do alto do Santu\u00e1rio, em dias claros, \u00e9 poss\u00edvel ter uma das mais belas vistas das montanhas de Minas. S\u00e3o 360 graus de panorama, com mil e uma facetas da beleza que s\u00f3 a m\u00e3e natureza oferece de maneira t\u00e3o generosa, inspirando a conduta humana.<\/span><\/p>\n<p><span style=\"font-weight: 400\">Em dias mais frios e nublados, o espet\u00e1culo \u00e9 ainda mais bonito. Do topo da Serra da Piedade descortina-se uma deslumbrante paisagem do verde das matas subindo e descendo montanhas, de onde avista-se tamb\u00e9m nove cidades: Belo Horizonte, Caet\u00e9, Contagem, Lagoa Santa, Nova Uni\u00e3o, Raposos, Sabar\u00e1, Santa Luzia e Vespasiano.<\/span><\/p>\n<p><span style=\"font-weight: 400\">O Santu\u00e1rio tem o acesso asfaltado e toda a sua estrutura revitalizada para acolher bem os visitantes: Cafeteria e Lanchonete (Espa\u00e7o Padre Virg\u00edlio Resi), Pra\u00e7a de Alimenta\u00e7\u00e3o, Restaurante (Espa\u00e7o Dom Jo\u00e3o Resende Costa), estacionamento e a Casa dos Peregrinos Dom Silv\u00e9rio, ambiente especial para ora\u00e7\u00f5es, medita\u00e7\u00f5es e semin\u00e1rios \u2013 destaque para seu audacioso projeto arquitet\u00f4nico.\u00a0<\/span><\/p>\n<p><span style=\"font-weight: 400\">Saiba mais: <\/span><a href=\"https:\/\/arquidiocesebh.org.br\/nossa-senhora-da-piedade\/\"><span style=\"font-weight: 400\">https:\/\/arquidiocesebh.org.br\/nossa-senhora-da-piedade\/<\/span><\/a><span style=\"font-weight: 400\">\u00a0<\/span><\/p>\n","protected":false},"excerpt":{"rendered":"<p>O Santu\u00e1rio Bas\u00edlica Nossa Senhora da Piedade,\u00a0 localizado a 48 km da capital mineira e a 16 km do munic\u00edpio de Caet\u00e9, \u00e9 um cen\u00e1rio de riqu\u00edssima beleza natural, no alto da montanha, a 1746 metros de altitude. Ideal para a reflex\u00e3o,\u00a0 ora\u00e7\u00e3o e o encontro com Deus, o Santu\u00e1rio que abriga a Padroeira de [&hellip;]<\/p>\n","protected":false},"author":119,"featured_media":0,"parent":0,"menu_order":0,"comment_status":"closed","ping_status":"closed","template":"","meta":{"_acf_changed":false,"xn-wppe-expiration":[],"xn-wppe-expiration-action":[],"xn-wppe-expiration-prefix":[],"inline_featured_image":false,"footnotes":""},"class_list":["post-2454","page","type-page","status-publish","hentry"],"acf":[],"_links":{"self":[{"href":"https:\/\/arquidiocesebh.org.br\/aderi\/wp-json\/wp\/v2\/pages\/2454","targetHints":{"allow":["GET"]}}],"collection":[{"href":"https:\/\/arquidiocesebh.org.br\/aderi\/wp-json\/wp\/v2\/pages"}],"about":[{"href":"https:\/\/arquidiocesebh.org.br\/aderi\/wp-json\/wp\/v2\/types\/page"}],"author":[{"embeddable":true,"href":"https:\/\/arquidiocesebh.org.br\/aderi\/wp-json\/wp\/v2\/users\/119"}],"replies":[{"embeddable":true,"href":"https:\/\/arquidiocesebh.org.br\/aderi\/wp-json\/wp\/v2\/comments?post=2454"}],"version-history":[{"count":0,"href":"https:\/\/arquidiocesebh.org.br\/aderi\/wp-json\/wp\/v2\/pages\/2454\/revisions"}],"wp:attachment":[{"href":"https:\/\/arquidiocesebh.org.br\/aderi\/wp-json\/wp\/v2\/media?parent=2454"}],"curies":[{"name":"wp","href":"https:\/\/api.w.org\/{rel}","templated":true}]}}