{"id":2449,"date":"2022-07-21T14:36:10","date_gmt":"2022-07-21T17:36:10","guid":{"rendered":"https:\/\/arquidiocesebh.org.br\/aderi\/?page_id=2449"},"modified":"2022-08-22T17:39:46","modified_gmt":"2022-08-22T20:39:46","slug":"puc-minas","status":"publish","type":"page","link":"https:\/\/arquidiocesebh.org.br\/aderi\/puc-minas\/","title":{"rendered":"PUC Minas"},"content":{"rendered":"<p><span style=\"font-weight: 400\">Considerada uma das melhores universidades privadas do Brasil \u2013 foi eleita por seis vezes pelo Guia do Estudante, publica\u00e7\u00e3o da Editora Abril, como a melhor entre as particulares do pa\u00eds \u2013 e reconhecida pela Congrega\u00e7\u00e3o para a Educa\u00e7\u00e3o Cat\u00f3lica, do Vaticano, como a maior universidade cat\u00f3lica do mundo, a Pontif\u00edcia Universidade Cat\u00f3lica de Minas Gerais (PUC Minas) abriga mais de 56 mil alunos em seus cursos de gradua\u00e7\u00e3o, p\u00f3s-gradua\u00e7\u00e3o e de extens\u00e3o. O corpo docente permanente chega a quase dois mil professores e os funcion\u00e1rios s\u00e3o 2.411.<\/span><\/p>\n<p><span style=\"font-weight: 400\">S\u00e3o oito campi localizados nas cidades de Belo Horizonte, Betim, Contagem, Arcos, Po\u00e7os de Caldas, Guanh\u00e3es, Serro e Uberl\u00e2ndia, al\u00e9m de tr\u00eas unidades \u2013 Barreiro, Pra\u00e7a da Liberdade e S\u00e3o Gabriel. Na gradua\u00e7\u00e3o s\u00e3o ofertados 102 cursos de bacharelado, sendo dois ministrados a dist\u00e2ncia, 12 cursos de licenciatura e sete cursos tecn\u00f3logos.<\/span><\/p>\n<p><span style=\"font-weight: 400\">A Universidade tem como miss\u00e3o o desenvolvimento humano e social da comunidade acad\u00eamica a partir da forma\u00e7\u00e3o \u00e9tica e solid\u00e1ria, da produ\u00e7\u00e3o e dissemina\u00e7\u00e3o de conhecimento, arte e cultura. O trip\u00e9 Ensino, Pesquisa e Extens\u00e3o se articula em projetos inovadores e voltados para a transforma\u00e7\u00e3o da sociedade.<\/span><\/p>\n<p><span style=\"font-weight: 400\">No que se refere \u00e0 internacionaliza\u00e7\u00e3o, a PUC Minas possui uma pol\u00edtica estrat\u00e9gica que envolve o desenvolvimento, orienta\u00e7\u00e3o e promo\u00e7\u00e3o internacional nos \u00e2mbitos do ensino, da pesquisa e da extens\u00e3o. Conta com mais de 170 conv\u00eanios com institui\u00e7\u00f5es de ensino superior em todo o mundo e participa de diversas redes de coopera\u00e7\u00e3o internacional na \u00e1rea da educa\u00e7\u00e3o<\/span><\/p>\n<p><span style=\"font-weight: 400\">A compreens\u00e3o da necessidade de superar as barreiras de tempo e espa\u00e7o fez com que a Universidade investisse fortemente em tecnologias avan\u00e7adas, ampliando o acesso \u00e0 forma\u00e7\u00e3o superior a milhares de alunos. Se em 2003 havia apenas 288 alunos matriculados em cinco disciplinas ofertadas a dist\u00e2ncia, em 2016 esse n\u00famero saltou para mais de 5 mil matr\u00edculas. Al\u00e9m da gradua\u00e7\u00e3o, a PUC Minas Virtual disponibiliza forma\u00e7\u00e3o continuada em cursos de especializa\u00e7\u00e3o ou de atualiza\u00e7\u00e3o profissional.<\/span><\/p>\n<p><span style=\"font-weight: 400\">O compromisso com a inclus\u00e3o social e promo\u00e7\u00e3o da cidadania por meio da educa\u00e7\u00e3o fez da PUC Minas uma das pioneiras na implanta\u00e7\u00e3o do programa de concess\u00e3o de bolsas de estudos do governo federal, o ProUni. A Universidade concedeu, entre 2005 e 2016, mais de 30 mil bolsas de estudos pelo programa.<\/span><\/p>\n<p><span style=\"font-weight: 400\">A p\u00f3s-gradua\u00e7\u00e3o tamb\u00e9m acumula grandes avan\u00e7os e conta com 18 programas stricto sensu \u2013 mestrado e doutorado \u2013 em \u00e1reas diversas. Na p\u00f3s-gradua\u00e7\u00e3o lato sensu, 363 cursos re\u00fanem 10.743 alunos e no stricto sensu s\u00e3o 30 cursos, sendo doze de doutorado, que agregam 1.571 estudantes. Na avalia\u00e7\u00e3o trienal da Coordena\u00e7\u00e3o de Aperfei\u00e7oamento de Pessoal de N\u00edvel Superior (Capes), do Minist\u00e9rio da Educa\u00e7\u00e3o (MEC), em 2013, os programas de p\u00f3s-gradua\u00e7\u00e3o stricto sensu da Universidade obtiveram notas que revelam a excel\u00eancia da PUC Minas. Entre os programas, destacou-se o Programa de P\u00f3s-gradua\u00e7\u00e3o em Direito, o que obteve nota 6, numa escala que vai de 1 a 7, alcan\u00e7ando n\u00edvel de excel\u00eancia e reconhecimento internacional.<\/span><\/p>\n<p><span style=\"font-weight: 400\">Na \u00e1rea da pesquisa, os estudantes, desde a gradua\u00e7\u00e3o, t\u00eam acesso aos projetos de inicia\u00e7\u00e3o cient\u00edfica em diversas modalidades. J\u00e1 os projetos extensionistas da PUC Minas alcan\u00e7am n\u00e3o apenas moradores das cidades onde est\u00e3o situados os campi e unidades, mas de v\u00e1rias regi\u00f5es de Minas Gerais e, mesmo, de outros estados do Pa\u00eds.<\/span><\/p>\n<h3><span style=\"font-size: 12pt;color: #800000\"><b>ADMINISTRA\u00c7\u00c3O SUPERIOR<\/b><\/span><\/h3>\n<p><span style=\"font-weight: 400\">Gr\u00e3o-chanceler: Dom Walmor Oliveira de Azevedo<\/span><\/p>\n<p><span style=\"font-weight: 400\">Reitor: Dom Joaquim Giovani Mol Guimar\u00e3es<\/span><\/p>\n<p><span style=\"font-weight: 400\">Vice-reitora: Prof\u00aa Patr\u00edcia Bernardes<\/span><\/p>\n<p><span style=\"font-weight: 400\">Mais informa\u00e7\u00f5es pelo site <\/span><a href=\"http:\/\/www.pucminas.br\/\" target=\"_blank\" rel=\"noopener\"><span style=\"font-weight: 400\">www.pucminas.br<\/span><\/a><\/p>\n<h3><span style=\"font-size: 12pt;color: #800000\"><b>UNIDADES<\/b><\/span><\/h3>\n<p><b>PUC Minas Barreiro<\/b><\/p>\n<p><span style=\"font-weight: 400\">Av. Afonso Vaz de Melo, 1.200 \u2013 Bairro Barreiro de Baixo<\/span><\/p>\n<p><span style=\"font-weight: 400\">30.640-070 \u2013 Belo Horizonte\/MG<\/span><\/p>\n<p><span style=\"font-weight: 400\">Informa\u00e7\u00f5es: (31) 3319-4444<\/span><\/p>\n<p><span style=\"font-weight: 400\">E-mail: comunicbar@pucminas.br<\/span><\/p>\n<p><b>PUC Minas Betim<\/b><\/p>\n<p>R. do Ros\u00e1rio, 1.081 \u2013 Bairro Angola<\/p>\n<p><span style=\"font-weight: 400\">32630-000\u2013 Betim\/MG<\/span><\/p>\n<p><span style=\"font-weight: 400\">Informa\u00e7\u00f5es: (31) 3319-4444<\/span><\/p>\n<p><span style=\"font-weight: 400\">E-mail: asscomunicbtm@pucminas.br<\/span><\/p>\n<p><b>PUC Minas Contagem<\/b><\/p>\n<p>R. Rio Comprido, 4.580<\/p>\n<p><span style=\"font-weight: 400\">32.010-025\u2013 Contagem\/MG<\/span><\/p>\n<p><span style=\"font-weight: 400\">Informa\u00e7\u00f5es: (31) 3319-4444<\/span><\/p>\n<p><span style=\"font-weight: 400\">E-mail: secreta@pucminas.br<\/span><\/p>\n<p><b>PUC Minas Cora\u00e7\u00e3o Eucar\u00edstico<\/b><\/p>\n<p><span style=\"font-weight: 400\">Av. Dom Jos\u00e9 Gaspar, 500 \u2013 Bairro Cora\u00e7\u00e3o Eucar\u00edstico<\/span><\/p>\n<p><span style=\"font-weight: 400\">30.535-901\u2013 Belo Horizonte\/MG<\/span><\/p>\n<p><span style=\"font-weight: 400\">Informa\u00e7\u00f5es: (31) 3319-4444<\/span><\/p>\n<p><b>PUC Minas S\u00e3o Gabriel<\/b><\/p>\n<p><span style=\"font-weight: 400\">Anel Rodovi\u00e1rio Km 23,5 \u2013 Rua Walter Ianni, 255 \u2013 Bairro S\u00e3o Gabriel<\/span><\/p>\n<p><span style=\"font-weight: 400\">31.980-110\u2013 Belo Horizonte\/MG<\/span><\/p>\n<p><span style=\"font-weight: 400\">Informa\u00e7\u00f5es: (31) 3319-4444<\/span><\/p>\n<p><span style=\"font-weight: 400\">E-mail: ac.sg@pucminas.br<\/span><\/p>\n<p><b>PUC Minas Arcos<\/b><\/p>\n<p><span style=\"font-weight: 400\">Av. Yolando Sebasti\u00e3o Logli, 255 \u2013 Bairro Distrito Industrial II<\/span><\/p>\n<p><span style=\"font-weight: 400\">35.588-000\u2013 Arcos\/MG<\/span><\/p>\n<p><span style=\"font-weight: 400\">Informa\u00e7\u00f5es: (37) 3352-2600 | (37) 3352-2601 | (37) 3352-2634<\/span><\/p>\n<p><span style=\"font-weight: 400\">E-mail: pucarcos@pucminas.br<\/span><\/p>\n<p><b>PUC Minas Guanh\u00e3es<\/b><\/p>\n<p><span style=\"font-weight: 400\">Avenida 08, n\u00aa 200 \u2013 Bairro Jardins II<\/span><\/p>\n<p><span style=\"font-weight: 400\">39.740-000\u2013 Ganh\u00e3es\/MG<\/span><\/p>\n<p><span style=\"font-weight: 400\">Informa\u00e7\u00f5es: (33) 3421-7900 \u2013 Fax: (33) 34217910<\/span><\/p>\n<p><b>PUC Minas Po\u00e7os de Caldas<\/b><\/p>\n<p><span style=\"font-weight: 400\">Av. Padre Francis Cletus Cox, 1661<\/span><\/p>\n<p><span style=\"font-weight: 400\">37.701-355 \u2013 Po\u00e7os de Caldas\/MG<\/span><\/p>\n<p><span style=\"font-weight: 400\">Informa\u00e7\u00f5es: (35) 3729-9200<\/span><\/p>\n<p><b>PUC Minas Serro<\/b><\/p>\n<p><span style=\"font-weight: 400\">Pra\u00e7a Jo\u00e3o Pessoa, 74 \u2013 Bairro Centro<\/span><\/p>\n<p><span style=\"font-weight: 400\">39150-000\u2013 Serro\/MG<\/span><\/p>\n<p><span style=\"font-weight: 400\">Informa\u00e7\u00f5es: (38) 3541-2900<\/span><\/p>\n<p><span style=\"font-weight: 400\">E-mail: secacadserro@pucminas.br<\/span><\/p>\n","protected":false},"excerpt":{"rendered":"<p>Considerada uma das melhores universidades privadas do Brasil \u2013 foi eleita por seis vezes pelo Guia do Estudante, publica\u00e7\u00e3o da Editora Abril, como a melhor entre as particulares do pa\u00eds \u2013 e reconhecida pela Congrega\u00e7\u00e3o para a Educa\u00e7\u00e3o Cat\u00f3lica, do Vaticano, como a maior universidade cat\u00f3lica do mundo, a Pontif\u00edcia Universidade Cat\u00f3lica de Minas Gerais [&hellip;]<\/p>\n","protected":false},"author":119,"featured_media":0,"parent":0,"menu_order":0,"comment_status":"closed","ping_status":"closed","template":"","meta":{"_acf_changed":false,"xn-wppe-expiration":[],"xn-wppe-expiration-action":[],"xn-wppe-expiration-prefix":[],"inline_featured_image":false,"footnotes":""},"class_list":["post-2449","page","type-page","status-publish","hentry"],"acf":[],"_links":{"self":[{"href":"https:\/\/arquidiocesebh.org.br\/aderi\/wp-json\/wp\/v2\/pages\/2449","targetHints":{"allow":["GET"]}}],"collection":[{"href":"https:\/\/arquidiocesebh.org.br\/aderi\/wp-json\/wp\/v2\/pages"}],"about":[{"href":"https:\/\/arquidiocesebh.org.br\/aderi\/wp-json\/wp\/v2\/types\/page"}],"author":[{"embeddable":true,"href":"https:\/\/arquidiocesebh.org.br\/aderi\/wp-json\/wp\/v2\/users\/119"}],"replies":[{"embeddable":true,"href":"https:\/\/arquidiocesebh.org.br\/aderi\/wp-json\/wp\/v2\/comments?post=2449"}],"version-history":[{"count":0,"href":"https:\/\/arquidiocesebh.org.br\/aderi\/wp-json\/wp\/v2\/pages\/2449\/revisions"}],"wp:attachment":[{"href":"https:\/\/arquidiocesebh.org.br\/aderi\/wp-json\/wp\/v2\/media?parent=2449"}],"curies":[{"name":"wp","href":"https:\/\/api.w.org\/{rel}","templated":true}]}}