{"id":2440,"date":"2022-07-21T08:34:30","date_gmt":"2022-07-21T11:34:30","guid":{"rendered":"https:\/\/arquidiocesebh.org.br\/aderi\/?page_id=2440"},"modified":"2022-07-21T14:59:06","modified_gmt":"2022-07-21T17:59:06","slug":"cisal","status":"publish","type":"page","link":"https:\/\/arquidiocesebh.org.br\/aderi\/puc-minas\/cisal\/","title":{"rendered":"CISAL"},"content":{"rendered":"<p><span style=\"font-weight: 400\">O Centro de Integra\u00e7\u00e3o para a Sustentabilidade Ambiental (CISAL) abrange projetos e programas, como o Universidade Sustent\u00e1vel, que fazem dele um espa\u00e7o estrat\u00e9gico para a forma\u00e7\u00e3o em Ci\u00eancias Biol\u00f3gicas a partir de est\u00e1gios, extens\u00e3o e pr\u00e1ticas investigativas.\u00a0<\/span><\/p>\n<p><span style=\"font-weight: 400\">Programas e Projetos:<\/span><\/p>\n<ul>\n<li style=\"font-weight: 400\"><span style=\"font-weight: 400\">Coordena\u00e7\u00e3o do Comit\u00ea Estadual da Reserva da Biosfera da Serra do Espinha\u00e7o<\/span><\/li>\n<li style=\"font-weight: 400\"><span style=\"font-weight: 400\">Participa\u00e7\u00e3o no Plano de Manejo da RPPN Santu\u00e1rio do Cara\u00e7a<\/span><span style=\"font-weight: 400\"><br \/>\n<\/span><\/li>\n<li style=\"font-weight: 400\"><span style=\"font-weight: 400\">Programa Mensageiros da \u00c1gua \u2013 Funda\u00e7\u00e3o France Libert\u00e9s<\/span><span style=\"font-weight: 400\"><br \/>\n<\/span><\/li>\n<li style=\"font-weight: 400\"><span style=\"font-weight: 400\">Projeto Universidade Sustent\u00e1vel<\/span><span style=\"font-weight: 400\"><br \/>\n<\/span><\/li>\n<li style=\"font-weight: 400\"><span style=\"font-weight: 400\">Projeto de Rede Socioambiental do Parauninha<\/span><span style=\"font-weight: 400\"><br \/>\n<\/span><\/li>\n<li style=\"font-weight: 400\"><span style=\"font-weight: 400\">Projeto Plantando \u00c1gua no Parauninha: Preserva\u00e7\u00e3o e Recupera\u00e7\u00e3o do Recurso H\u00eddrico no Entorno do Parque Estadual da Serra do Intendente<\/span><span style=\"font-weight: 400\"><br \/>\n<\/span><\/li>\n<li style=\"font-weight: 400\"><span style=\"font-weight: 400\">Projeto Rede Socioambiental da APA SUL RMBH<\/span><span style=\"font-weight: 400\"><br \/>\n<\/span><\/li>\n<li style=\"font-weight: 400\"><span style=\"font-weight: 400\">Projeto TEIAS \u2013 Trabalhos Ecol\u00f3gicos de Integra\u00e7\u00e3o Social<\/span><span style=\"font-weight: 400\"><br \/>\n<\/span><\/li>\n<li style=\"font-weight: 400\"><span style=\"font-weight: 400\">Representa\u00e7\u00e3o do Conselho Consultivo do Parque Estadual do Itacolomi e Esta\u00e7\u00e3o Ecol\u00f3gica do Tripu\u00ed<\/span><\/li>\n<li style=\"font-weight: 400\"><span style=\"font-weight: 400\">Representa\u00e7\u00e3o do Conselho Consultivo do Parque Estadual do Pico do Itamb\u00e9<\/span><span style=\"font-weight: 400\"><br \/>\n<\/span><\/li>\n<li style=\"font-weight: 400\"><span style=\"font-weight: 400\">Representa\u00e7\u00e3o no Mosaico de Unidades de Conserva\u00e7\u00e3o Cip\u00f3-Intendente<\/span><\/li>\n<li style=\"font-weight: 400\"><span style=\"font-weight: 400\">Representa\u00e7\u00e3o no Projeto Mosaicos do Espinha\u00e7o Meridional<\/span><\/li>\n<\/ul>\n<p>&nbsp;<\/p>\n<p><span style=\"font-weight: 400\">Saiba mais: <\/span><a href=\"https:\/\/www.pucminas.br\/cienciasbiologicas\/infraestrutura\/Paginas\/espacosdiferenciados.aspx\" target=\"_blank\" rel=\"noopener\"><span style=\"font-weight: 400\">https:\/\/www.pucminas.br\/cienciasbiologicas\/infraestrutura\/Paginas\/espacosdiferenciados.aspx<\/span><\/a><span style=\"font-weight: 400\">\u00a0<\/span><\/p>\n","protected":false},"excerpt":{"rendered":"<p>O Centro de Integra\u00e7\u00e3o para a Sustentabilidade Ambiental (CISAL) abrange projetos e programas, como o Universidade Sustent\u00e1vel, que fazem dele um espa\u00e7o estrat\u00e9gico para a forma\u00e7\u00e3o em Ci\u00eancias Biol\u00f3gicas a partir de est\u00e1gios, extens\u00e3o e pr\u00e1ticas investigativas.\u00a0 Programas e Projetos: Coordena\u00e7\u00e3o do Comit\u00ea Estadual da Reserva da Biosfera da Serra do Espinha\u00e7o Participa\u00e7\u00e3o no Plano [&hellip;]<\/p>\n","protected":false},"author":119,"featured_media":0,"parent":2449,"menu_order":0,"comment_status":"closed","ping_status":"closed","template":"","meta":{"_acf_changed":false,"xn-wppe-expiration":[],"xn-wppe-expiration-action":[],"xn-wppe-expiration-prefix":[],"inline_featured_image":false,"footnotes":""},"class_list":["post-2440","page","type-page","status-publish","hentry"],"acf":[],"_links":{"self":[{"href":"https:\/\/arquidiocesebh.org.br\/aderi\/wp-json\/wp\/v2\/pages\/2440","targetHints":{"allow":["GET"]}}],"collection":[{"href":"https:\/\/arquidiocesebh.org.br\/aderi\/wp-json\/wp\/v2\/pages"}],"about":[{"href":"https:\/\/arquidiocesebh.org.br\/aderi\/wp-json\/wp\/v2\/types\/page"}],"author":[{"embeddable":true,"href":"https:\/\/arquidiocesebh.org.br\/aderi\/wp-json\/wp\/v2\/users\/119"}],"replies":[{"embeddable":true,"href":"https:\/\/arquidiocesebh.org.br\/aderi\/wp-json\/wp\/v2\/comments?post=2440"}],"version-history":[{"count":0,"href":"https:\/\/arquidiocesebh.org.br\/aderi\/wp-json\/wp\/v2\/pages\/2440\/revisions"}],"up":[{"embeddable":true,"href":"https:\/\/arquidiocesebh.org.br\/aderi\/wp-json\/wp\/v2\/pages\/2449"}],"wp:attachment":[{"href":"https:\/\/arquidiocesebh.org.br\/aderi\/wp-json\/wp\/v2\/media?parent=2440"}],"curies":[{"name":"wp","href":"https:\/\/api.w.org\/{rel}","templated":true}]}}