{"id":2399,"date":"2022-06-15T10:09:34","date_gmt":"2022-06-15T13:09:34","guid":{"rendered":"https:\/\/arquidiocesebh.org.br\/aderi\/?page_id=2399"},"modified":"2022-07-28T09:22:14","modified_gmt":"2022-07-28T12:22:14","slug":"pid-casa-de-francisco","status":"publish","type":"page","link":"https:\/\/arquidiocesebh.org.br\/aderi\/planejamento-integrado\/pid-casa-de-francisco\/","title":{"rendered":"PID Casa de Francisco"},"content":{"rendered":"<p><span style=\"font-weight: 400\"><img loading=\"lazy\" decoding=\"async\" class=\"size-medium wp-image-2498 alignright\" src=\"https:\/\/arquidiocesebh.org.br\/aderi\/wp-content\/uploads\/sites\/60\/2022\/07\/pidfrancisco-300x212.jpg\" alt=\"\" width=\"300\" height=\"212\" srcset=\"https:\/\/arquidiocesebh.org.br\/aderi\/wp-content\/uploads\/sites\/60\/2022\/07\/pidfrancisco-300x212.jpg 300w, https:\/\/arquidiocesebh.org.br\/aderi\/wp-content\/uploads\/sites\/60\/2022\/07\/pidfrancisco-768x542.jpg 768w, https:\/\/arquidiocesebh.org.br\/aderi\/wp-content\/uploads\/sites\/60\/2022\/07\/pidfrancisco.jpg 850w, https:\/\/arquidiocesebh.org.br\/aderi\/wp-content\/uploads\/sites\/60\/2022\/07\/pidfrancisco-224x158.jpg 224w\" sizes=\"auto, (max-width: 300px) 100vw, 300px\" \/>O <\/span><b>PID\/Casa de Francisco <\/b><span style=\"font-weight: 400\">\u00e9 um Planejamento Integrado de Desenvolvimento que est\u00e1 sendo elaborado para a Casa de Francisco, espa\u00e7o que se dedica a preserva\u00e7\u00e3o ambiental a partir da Educa\u00e7\u00e3o Ambiental com jovens e adultos.\u00a0<\/span><\/p>\n<p><span style=\"font-weight: 400\">Saiba mais sobre a Casa de Francisco:\u00a0<\/span><\/p>\n<p><a href=\"https:\/\/providens.arquidiocesebh.org.br\/projetos\/ecologia-integral\/casa-de-francisco\/\"><span style=\"font-weight: 400\">https:\/\/providens.arquidiocesebh.org.br\/projetos\/ecologia-integral\/casa-de-francisco\/<\/span><\/a><span style=\"font-weight: 400\">\u00a0<\/span><\/p>\n","protected":false},"excerpt":{"rendered":"<p>O PID\/Casa de Francisco \u00e9 um Planejamento Integrado de Desenvolvimento que est\u00e1 sendo elaborado para a Casa de Francisco, espa\u00e7o que se dedica a preserva\u00e7\u00e3o ambiental a partir da Educa\u00e7\u00e3o Ambiental com jovens e adultos.\u00a0 Saiba mais sobre a Casa de Francisco:\u00a0 https:\/\/providens.arquidiocesebh.org.br\/projetos\/ecologia-integral\/casa-de-francisco\/\u00a0<\/p>\n","protected":false},"author":119,"featured_media":0,"parent":2407,"menu_order":0,"comment_status":"closed","ping_status":"closed","template":"","meta":{"_acf_changed":false,"xn-wppe-expiration":[],"xn-wppe-expiration-action":[],"xn-wppe-expiration-prefix":[],"inline_featured_image":false,"footnotes":""},"class_list":["post-2399","page","type-page","status-publish","hentry"],"acf":[],"_links":{"self":[{"href":"https:\/\/arquidiocesebh.org.br\/aderi\/wp-json\/wp\/v2\/pages\/2399","targetHints":{"allow":["GET"]}}],"collection":[{"href":"https:\/\/arquidiocesebh.org.br\/aderi\/wp-json\/wp\/v2\/pages"}],"about":[{"href":"https:\/\/arquidiocesebh.org.br\/aderi\/wp-json\/wp\/v2\/types\/page"}],"author":[{"embeddable":true,"href":"https:\/\/arquidiocesebh.org.br\/aderi\/wp-json\/wp\/v2\/users\/119"}],"replies":[{"embeddable":true,"href":"https:\/\/arquidiocesebh.org.br\/aderi\/wp-json\/wp\/v2\/comments?post=2399"}],"version-history":[{"count":0,"href":"https:\/\/arquidiocesebh.org.br\/aderi\/wp-json\/wp\/v2\/pages\/2399\/revisions"}],"up":[{"embeddable":true,"href":"https:\/\/arquidiocesebh.org.br\/aderi\/wp-json\/wp\/v2\/pages\/2407"}],"wp:attachment":[{"href":"https:\/\/arquidiocesebh.org.br\/aderi\/wp-json\/wp\/v2\/media?parent=2399"}],"curies":[{"name":"wp","href":"https:\/\/api.w.org\/{rel}","templated":true}]}}