{"id":2390,"date":"2022-06-14T09:36:38","date_gmt":"2022-06-14T12:36:38","guid":{"rendered":"https:\/\/arquidiocesebh.org.br\/aderi\/?page_id=2390"},"modified":"2022-11-01T14:22:57","modified_gmt":"2022-11-01T17:22:57","slug":"videos","status":"publish","type":"page","link":"https:\/\/arquidiocesebh.org.br\/aderi\/midiateca\/videos\/","title":{"rendered":"V\u00eddeos"},"content":{"rendered":"<p><strong>Ecologia Integral:<\/strong><\/p>\n<p>Epis\u00f3dio 01:\u00a0<a href=\"https:\/\/youtu.be\/Xyev_NU4yyc\" target=\"_blank\" rel=\"noopener\">https:\/\/youtu.be\/Xyev_NU4yyc<\/a><\/p>\n<p>Epis\u00f3dio 02:\u00a0<a href=\"https:\/\/youtu.be\/DbXYaDIZT_g\" target=\"_blank\" rel=\"noopener\">https:\/\/youtu.be\/DbXYaDIZT_g<\/a><\/p>\n<p>Epis\u00f3dio 03:\u00a0<a href=\"https:\/\/youtu.be\/kVLiW--pJtI\" target=\"_blank\" rel=\"noopener\">https:\/\/youtu.be\/kVLiW&#8211;pJtI<\/a><\/p>\n<p>Epis\u00f3dio 04:\u00a0<a href=\"https:\/\/youtu.be\/efIxfP-kaaQ\" target=\"_blank\" rel=\"noopener\">https:\/\/youtu.be\/efIxfP-kaaQ<\/a><\/p>\n<p>&nbsp;<\/p>\n<p><strong>Convite do Papa Francisco para a Plataforma Laudato Si\u2019: <\/strong><a href=\"https:\/\/youtu.be\/PvMWMa84mfk\" target=\"_blank\" rel=\"noopener\"><span style=\"font-weight: 400;\">https:\/\/youtu.be\/PvMWMa84mfk<\/span><\/a><span style=\"font-weight: 400;\">\u00a0<\/span><\/p>\n<p>&nbsp;<\/p>\n<p><strong>Religare:\u00a0<\/strong><\/p>\n<ul>\n<li style=\"font-weight: 400;\"><span style=\"font-weight: 400;\">A defesa dos animais n\u00e3o humanos<\/span><\/li>\n<\/ul>\n<p><span style=\"font-weight: 400;\">\u00a0\u00a0\u00a0\u00a0\u00a0\u00a0\u00a0\u00a0\u00a0\u00a0\u00a0\u00a0Bloco 1: <\/span><a href=\"https:\/\/youtu.be\/Yyopy6vKh8c\" target=\"_blank\" rel=\"noopener\"><span style=\"font-weight: 400;\">https:\/\/youtu.be\/Yyopy6vKh8c<\/span><\/a><span style=\"font-weight: 400;\">\u00a0<\/span><\/p>\n<p><span style=\"font-weight: 400;\">\u00a0\u00a0\u00a0\u00a0\u00a0\u00a0\u00a0\u00a0\u00a0\u00a0\u00a0\u00a0Bloco 2: <\/span><a href=\"https:\/\/youtu.be\/6s5o5tP2b8Q\" target=\"_blank\" rel=\"noopener\"><span style=\"font-weight: 400;\">https:\/\/youtu.be\/6s5o5tP2b8Q<\/span><\/a><span style=\"font-weight: 400;\">\u00a0<\/span><\/p>\n<ul>\n<li style=\"font-weight: 400;\"><span style=\"font-weight: 400;\">Economia de Francisco\u00a0<\/span><\/li>\n<\/ul>\n<p><span style=\"font-weight: 400;\">\u00a0\u00a0\u00a0\u00a0\u00a0\u00a0\u00a0\u00a0\u00a0\u00a0\u00a0\u00a0Bloco 1: <\/span><a href=\"https:\/\/youtu.be\/Pn-N-w6Rdc0\" target=\"_blank\" rel=\"noopener\"><span style=\"font-weight: 400;\">https:\/\/youtu.be\/Pn-N-w6Rdc0<\/span><\/a><span style=\"font-weight: 400;\">\u00a0<\/span><\/p>\n<p><span style=\"font-weight: 400;\">\u00a0\u00a0\u00a0\u00a0\u00a0\u00a0\u00a0\u00a0\u00a0\u00a0\u00a0\u00a0Bloco 2: <\/span><a href=\"https:\/\/youtu.be\/IU_Mejm5WRw\" target=\"_blank\" rel=\"noopener\"><span style=\"font-weight: 400;\">https:\/\/youtu.be\/IU_Mejm5WRw<\/span><\/a><span style=\"font-weight: 400;\">\u00a0<\/span><\/p>\n<ul>\n<li style=\"font-weight: 400;\"><span style=\"font-weight: 400;\">S\u00ednodo para Amaz\u00f4nia<\/span><\/li>\n<\/ul>\n<p><span style=\"font-weight: 400;\">\u00a0\u00a0\u00a0\u00a0\u00a0\u00a0\u00a0\u00a0\u00a0\u00a0\u00a0\u00a0Bloco 1: <\/span><a href=\"https:\/\/www.youtube.com\/watch?v=78HnsXoEtZU\" target=\"_blank\" rel=\"noopener\"><span style=\"font-weight: 400;\">https:\/\/www.youtube.com\/watch?v=78HnsXoEtZU<\/span><\/a><span style=\"font-weight: 400;\">\u00a0<\/span><\/p>\n<p><span style=\"font-weight: 400;\">\u00a0\u00a0\u00a0\u00a0\u00a0\u00a0\u00a0\u00a0\u00a0\u00a0\u00a0\u00a0Bloco 2: <\/span><a href=\"https:\/\/www.youtube.com\/watch?v=s0GgfUhI8qQ\" target=\"_blank\" rel=\"noopener\"><span style=\"font-weight: 400;\">https:\/\/www.youtube.com\/watch?v=s0GgfUhI8qQ<\/span><\/a><span style=\"font-weight: 400;\">\u00a0<\/span><\/p>\n<p>&nbsp;<\/p>\n<p><strong>Apresenta\u00e7\u00e3o da carta enc\u00edclica Fratelli Tutti:<\/strong> <a href=\"https:\/\/youtu.be\/RfltcEtZibA\" target=\"_blank\" rel=\"noopener\"><span style=\"font-weight: 400;\">https:\/\/youtu.be\/RfltcEtZibA<\/span><\/a><span style=\"font-weight: 400;\">\u00a0\u00a0<\/span><\/p>\n<p>&nbsp;<\/p>\n<p><strong>Jardim inspirado na Laudato Si\u2019 em Rossano (It\u00e1lia):<\/strong> <a href=\"https:\/\/youtu.be\/6Htv5W4qA_4\" target=\"_blank\" rel=\"noopener\"><span style=\"font-weight: 400;\">https:\/\/youtu.be\/6Htv5W4qA_4<\/span><\/a><span style=\"font-weight: 400;\">\u00a0<\/span><\/p>\n<p>&nbsp;<\/p>\n<p><strong>Jardim \u201cLaudato Si\u2019\u201d na Su\u00ed\u00e7a:<\/strong> <a href=\"https:\/\/youtu.be\/i7Q0p9HVN_s\" target=\"_blank\" rel=\"noopener\"><span style=\"font-weight: 400;\">https:\/\/youtu.be\/i7Q0p9HVN_s<\/span><\/a><span style=\"font-weight: 400;\">\u00a0<\/span><\/p>\n<p>&nbsp;<\/p>\n<p><strong>A terra que sofre \u00e9 o grito dos pobres e ser\u00e1 o grito de todos:<\/strong> <a href=\"https:\/\/youtu.be\/SswM9CTQi1s\" target=\"_blank\" rel=\"noopener\"><span style=\"font-weight: 400;\">https:\/\/youtu.be\/SswM9CTQi1s<\/span><\/a><span style=\"font-weight: 400;\">\u00a0<\/span><\/p>\n<p>&nbsp;<\/p>\n<p><strong>CNBB<\/strong><\/p>\n<p><span style=\"font-weight: 400;\">\u00a0\u00a0\u00a0\u00a0\u00a0Fratelli Tutti:\u00a0<\/span><\/p>\n<p><span style=\"font-weight: 400;\">\u00a0\u00a0\u00a0\u00a0\u00a0<\/span><a href=\"https:\/\/www.youtube.com\/playlist?list=PLD-bgXwLtAG2GbKco-GpFX3sUX1J8SG2n\" target=\"_blank\" rel=\"noopener\"><span style=\"font-weight: 400;\">https:\/\/www.youtube.com\/playlist?list=PLD-bgXwLtAG2GbKco-GpFX3sUX1J8SG2n<\/span><\/a><span style=\"font-weight: 400;\">\u00a0<\/span><\/p>\n","protected":false},"excerpt":{"rendered":"<p>Ecologia Integral: Epis\u00f3dio 01:\u00a0https:\/\/youtu.be\/Xyev_NU4yyc Epis\u00f3dio 02:\u00a0https:\/\/youtu.be\/DbXYaDIZT_g Epis\u00f3dio 03:\u00a0https:\/\/youtu.be\/kVLiW&#8211;pJtI Epis\u00f3dio 04:\u00a0https:\/\/youtu.be\/efIxfP-kaaQ &nbsp; Convite do Papa Francisco para a Plataforma Laudato Si\u2019: https:\/\/youtu.be\/PvMWMa84mfk\u00a0 &nbsp; Religare:\u00a0 A defesa dos animais n\u00e3o humanos \u00a0\u00a0\u00a0\u00a0\u00a0\u00a0\u00a0\u00a0\u00a0\u00a0\u00a0\u00a0Bloco 1: https:\/\/youtu.be\/Yyopy6vKh8c\u00a0 \u00a0\u00a0\u00a0\u00a0\u00a0\u00a0\u00a0\u00a0\u00a0\u00a0\u00a0\u00a0Bloco 2: https:\/\/youtu.be\/6s5o5tP2b8Q\u00a0 Economia de Francisco\u00a0 \u00a0\u00a0\u00a0\u00a0\u00a0\u00a0\u00a0\u00a0\u00a0\u00a0\u00a0\u00a0Bloco 1: https:\/\/youtu.be\/Pn-N-w6Rdc0\u00a0 \u00a0\u00a0\u00a0\u00a0\u00a0\u00a0\u00a0\u00a0\u00a0\u00a0\u00a0\u00a0Bloco 2: https:\/\/youtu.be\/IU_Mejm5WRw\u00a0 S\u00ednodo para Amaz\u00f4nia \u00a0\u00a0\u00a0\u00a0\u00a0\u00a0\u00a0\u00a0\u00a0\u00a0\u00a0\u00a0Bloco 1: https:\/\/www.youtube.com\/watch?v=78HnsXoEtZU\u00a0 \u00a0\u00a0\u00a0\u00a0\u00a0\u00a0\u00a0\u00a0\u00a0\u00a0\u00a0\u00a0Bloco 2: https:\/\/www.youtube.com\/watch?v=s0GgfUhI8qQ\u00a0 &nbsp; Apresenta\u00e7\u00e3o [&hellip;]<\/p>\n","protected":false},"author":119,"featured_media":0,"parent":2082,"menu_order":0,"comment_status":"closed","ping_status":"closed","template":"","meta":{"_acf_changed":false,"xn-wppe-expiration":[],"xn-wppe-expiration-action":[],"xn-wppe-expiration-prefix":[],"inline_featured_image":false,"footnotes":""},"class_list":["post-2390","page","type-page","status-publish","hentry"],"acf":[],"_links":{"self":[{"href":"https:\/\/arquidiocesebh.org.br\/aderi\/wp-json\/wp\/v2\/pages\/2390","targetHints":{"allow":["GET"]}}],"collection":[{"href":"https:\/\/arquidiocesebh.org.br\/aderi\/wp-json\/wp\/v2\/pages"}],"about":[{"href":"https:\/\/arquidiocesebh.org.br\/aderi\/wp-json\/wp\/v2\/types\/page"}],"author":[{"embeddable":true,"href":"https:\/\/arquidiocesebh.org.br\/aderi\/wp-json\/wp\/v2\/users\/119"}],"replies":[{"embeddable":true,"href":"https:\/\/arquidiocesebh.org.br\/aderi\/wp-json\/wp\/v2\/comments?post=2390"}],"version-history":[{"count":0,"href":"https:\/\/arquidiocesebh.org.br\/aderi\/wp-json\/wp\/v2\/pages\/2390\/revisions"}],"up":[{"embeddable":true,"href":"https:\/\/arquidiocesebh.org.br\/aderi\/wp-json\/wp\/v2\/pages\/2082"}],"wp:attachment":[{"href":"https:\/\/arquidiocesebh.org.br\/aderi\/wp-json\/wp\/v2\/media?parent=2390"}],"curies":[{"name":"wp","href":"https:\/\/api.w.org\/{rel}","templated":true}]}}