{"id":2319,"date":"2022-06-10T09:41:25","date_gmt":"2022-06-10T12:41:25","guid":{"rendered":"https:\/\/arquidiocesebh.org.br\/aderi\/?page_id=2319"},"modified":"2023-03-08T11:52:47","modified_gmt":"2023-03-08T14:52:47","slug":"zap-serra-da-piedade","status":"publish","type":"page","link":"https:\/\/arquidiocesebh.org.br\/aderi\/projetos-e-programas\/zap-serra-da-piedade\/","title":{"rendered":"Zoneamento Ambiental Produtivo (ZAP) Serra da Piedade"},"content":{"rendered":"<p><span style=\"font-weight: 400\"><img loading=\"lazy\" decoding=\"async\" class=\"size-medium wp-image-2511 alignleft\" src=\"https:\/\/arquidiocesebh.org.br\/aderi\/wp-content\/uploads\/sites\/60\/2022\/07\/mn-serra-da-piedade-0324-300x199.png\" alt=\"\" width=\"300\" height=\"199\" srcset=\"https:\/\/arquidiocesebh.org.br\/aderi\/wp-content\/uploads\/sites\/60\/2022\/07\/mn-serra-da-piedade-0324-300x199.png 300w, https:\/\/arquidiocesebh.org.br\/aderi\/wp-content\/uploads\/sites\/60\/2022\/07\/mn-serra-da-piedade-0324-1024x678.png 1024w, https:\/\/arquidiocesebh.org.br\/aderi\/wp-content\/uploads\/sites\/60\/2022\/07\/mn-serra-da-piedade-0324-768x508.png 768w, https:\/\/arquidiocesebh.org.br\/aderi\/wp-content\/uploads\/sites\/60\/2022\/07\/mn-serra-da-piedade-0324-1536x1017.png 1536w, https:\/\/arquidiocesebh.org.br\/aderi\/wp-content\/uploads\/sites\/60\/2022\/07\/mn-serra-da-piedade-0324-2048x1355.png 2048w, https:\/\/arquidiocesebh.org.br\/aderi\/wp-content\/uploads\/sites\/60\/2022\/07\/mn-serra-da-piedade-0324-1920x1271.png 1920w, https:\/\/arquidiocesebh.org.br\/aderi\/wp-content\/uploads\/sites\/60\/2022\/07\/mn-serra-da-piedade-0324-850x563.png 850w, https:\/\/arquidiocesebh.org.br\/aderi\/wp-content\/uploads\/sites\/60\/2022\/07\/mn-serra-da-piedade-0324-436x291.png 436w, https:\/\/arquidiocesebh.org.br\/aderi\/wp-content\/uploads\/sites\/60\/2022\/07\/mn-serra-da-piedade-0324-224x148.png 224w\" sizes=\"auto, (max-width: 300px) 100vw, 300px\" \/>O Zoneamento Ambiental Produtivo (ZAP) se trata de uma metodologia de Caracteriza\u00e7\u00e3o Socioecon\u00f4mica e Ambiental de Sub-Bacias Hidrogr\u00e1ficas. Seu objetivo \u00e9 possibilitar o uso adequado dos recursos naturais que est\u00e3o sob o manejo conservacionista a partir de uma avalia\u00e7\u00e3o preliminar do potencial de adequa\u00e7\u00e3o de uma sub-bacia. Ainda, visa melhorar <\/span><span style=\"font-weight: 400\">a gest\u00e3o e o monitoramento do uso do solo, de forma simult\u00e2nea nas propriedades rurais e no conjunto de propriedades de determinada bacia hidrogr\u00e1fica. (SEMAD)<\/span><\/p>\n<p><span style=\"font-weight: 400\">O Grupo de Trabalho criado por meio da Resolu\u00e7\u00e3o Conjunta SEMAD\/IEF\/FEAM\/IGAM n\u00b0 2.634\/2018 identificou o ZAP como ferramenta de diagn\u00f3stico para a elabora\u00e7\u00e3o de arranjos produtivos para a regi\u00e3o da Serra da Piedade, fortalecendo as voca\u00e7\u00f5es cultural, hist\u00f3rico-paisag\u00edstica, natural e rural da regi\u00e3o. Dessa forma, foi celebrado em mar\u00e7o de 2019 um Acordo de Coopera\u00e7\u00e3o T\u00e9cnica &#8211; ACT entre SEMAD, SEAPA, EMATER e Arquidiocese de Belo Horizonte, por meio da Ag\u00eancia de Desenvolvimento Regional Integrado &#8211; ADERI, para realiza\u00e7\u00e3o do \u201cZAP Serra da Piedade\u201d, que abrange o conjunto de sub-bacias hidrogr\u00e1ficas do Monumento Natural Estadual Serra da Piedade (MONAESP) e de seu entorno, possibilitando a elabora\u00e7\u00e3o do estudo pelos \u00f3rg\u00e3os p\u00fablicos e ag\u00eancia citados.<\/span><\/p>\n","protected":false},"excerpt":{"rendered":"<p>O Zoneamento Ambiental Produtivo (ZAP) se trata de uma metodologia de Caracteriza\u00e7\u00e3o Socioecon\u00f4mica e Ambiental de Sub-Bacias Hidrogr\u00e1ficas. Seu objetivo \u00e9 possibilitar o uso adequado dos recursos naturais que est\u00e3o sob o manejo conservacionista a partir de uma avalia\u00e7\u00e3o preliminar do potencial de adequa\u00e7\u00e3o de uma sub-bacia. Ainda, visa melhorar a gest\u00e3o e o monitoramento [&hellip;]<\/p>\n","protected":false},"author":119,"featured_media":0,"parent":2301,"menu_order":0,"comment_status":"closed","ping_status":"closed","template":"","meta":{"_acf_changed":false,"xn-wppe-expiration":[],"xn-wppe-expiration-action":[],"xn-wppe-expiration-prefix":[],"inline_featured_image":false,"footnotes":""},"class_list":["post-2319","page","type-page","status-publish","hentry"],"acf":[],"_links":{"self":[{"href":"https:\/\/arquidiocesebh.org.br\/aderi\/wp-json\/wp\/v2\/pages\/2319","targetHints":{"allow":["GET"]}}],"collection":[{"href":"https:\/\/arquidiocesebh.org.br\/aderi\/wp-json\/wp\/v2\/pages"}],"about":[{"href":"https:\/\/arquidiocesebh.org.br\/aderi\/wp-json\/wp\/v2\/types\/page"}],"author":[{"embeddable":true,"href":"https:\/\/arquidiocesebh.org.br\/aderi\/wp-json\/wp\/v2\/users\/119"}],"replies":[{"embeddable":true,"href":"https:\/\/arquidiocesebh.org.br\/aderi\/wp-json\/wp\/v2\/comments?post=2319"}],"version-history":[{"count":0,"href":"https:\/\/arquidiocesebh.org.br\/aderi\/wp-json\/wp\/v2\/pages\/2319\/revisions"}],"up":[{"embeddable":true,"href":"https:\/\/arquidiocesebh.org.br\/aderi\/wp-json\/wp\/v2\/pages\/2301"}],"wp:attachment":[{"href":"https:\/\/arquidiocesebh.org.br\/aderi\/wp-json\/wp\/v2\/media?parent=2319"}],"curies":[{"name":"wp","href":"https:\/\/api.w.org\/{rel}","templated":true}]}}