{"id":2309,"date":"2022-06-09T19:34:14","date_gmt":"2022-06-09T22:34:14","guid":{"rendered":"https:\/\/arquidiocesebh.org.br\/aderi\/?page_id=2309"},"modified":"2022-07-20T09:30:47","modified_gmt":"2022-07-20T12:30:47","slug":"anima","status":"publish","type":"page","link":"https:\/\/arquidiocesebh.org.br\/aderi\/anima\/","title":{"rendered":"ANIMA"},"content":{"rendered":"<p>O ANIMA\/PUC Minas &#8211; Sistema Avan\u00e7ado de Forma\u00e7\u00e3o, da Pontif\u00edcia Universidade Cat\u00f3lica de Minas Gerais, criado e regulamentado pela Resolu\u00e7\u00e3o Consuni R. 07\/2011, de dezembro de 2011, est\u00e1 vinculado ao Instituto de Filosofia e Teologia Dom Jo\u00e3o Resende Costa e \u00e9 regido pelo seu pr\u00f3prio Regulamento, pelo Estatuto e pelo Regimento Geral da Universidade.<\/p>\n<p>Conhe\u00e7a o ANIMA PUC Minas: Via Humanitatis &#8211; <a href=\"https:\/\/anima.pucminas.br\/\" target=\"_blank\" rel=\"noopener\">https:\/\/anima.pucminas.br\/<\/a><\/p>\n<p>&nbsp;<\/p>\n","protected":false},"excerpt":{"rendered":"<p>O ANIMA\/PUC Minas &#8211; Sistema Avan\u00e7ado de Forma\u00e7\u00e3o, da Pontif\u00edcia Universidade Cat\u00f3lica de Minas Gerais, criado e regulamentado pela Resolu\u00e7\u00e3o Consuni R. 07\/2011, de dezembro de 2011, est\u00e1 vinculado ao Instituto de Filosofia e Teologia Dom Jo\u00e3o Resende Costa e \u00e9 regido pelo seu pr\u00f3prio Regulamento, pelo Estatuto e pelo Regimento Geral da Universidade. Conhe\u00e7a [&hellip;]<\/p>\n","protected":false},"author":118,"featured_media":0,"parent":0,"menu_order":0,"comment_status":"closed","ping_status":"closed","template":"","meta":{"_acf_changed":false,"xn-wppe-expiration":[],"xn-wppe-expiration-action":[],"xn-wppe-expiration-prefix":[],"inline_featured_image":false,"footnotes":""},"class_list":["post-2309","page","type-page","status-publish","hentry"],"acf":[],"_links":{"self":[{"href":"https:\/\/arquidiocesebh.org.br\/aderi\/wp-json\/wp\/v2\/pages\/2309","targetHints":{"allow":["GET"]}}],"collection":[{"href":"https:\/\/arquidiocesebh.org.br\/aderi\/wp-json\/wp\/v2\/pages"}],"about":[{"href":"https:\/\/arquidiocesebh.org.br\/aderi\/wp-json\/wp\/v2\/types\/page"}],"author":[{"embeddable":true,"href":"https:\/\/arquidiocesebh.org.br\/aderi\/wp-json\/wp\/v2\/users\/118"}],"replies":[{"embeddable":true,"href":"https:\/\/arquidiocesebh.org.br\/aderi\/wp-json\/wp\/v2\/comments?post=2309"}],"version-history":[{"count":0,"href":"https:\/\/arquidiocesebh.org.br\/aderi\/wp-json\/wp\/v2\/pages\/2309\/revisions"}],"wp:attachment":[{"href":"https:\/\/arquidiocesebh.org.br\/aderi\/wp-json\/wp\/v2\/media?parent=2309"}],"curies":[{"name":"wp","href":"https:\/\/api.w.org\/{rel}","templated":true}]}}