{"id":2307,"date":"2022-06-09T19:32:18","date_gmt":"2022-06-09T22:32:18","guid":{"rendered":"https:\/\/arquidiocesebh.org.br\/aderi\/?page_id=2307"},"modified":"2022-07-28T09:35:46","modified_gmt":"2022-07-28T12:35:46","slug":"pid-santuario","status":"publish","type":"page","link":"https:\/\/arquidiocesebh.org.br\/aderi\/planejamento-integrado\/pid-santuario\/","title":{"rendered":"PID Santu\u00e1rio"},"content":{"rendered":"<p style=\"text-align: left\"><span style=\"font-weight: 400\"><img loading=\"lazy\" decoding=\"async\" class=\"size-medium wp-image-2501 alignright\" src=\"https:\/\/arquidiocesebh.org.br\/aderi\/wp-content\/uploads\/sites\/60\/2022\/07\/pidsantuario-300x225.jpg\" alt=\"\" width=\"300\" height=\"225\" srcset=\"https:\/\/arquidiocesebh.org.br\/aderi\/wp-content\/uploads\/sites\/60\/2022\/07\/pidsantuario-300x225.jpg 300w, https:\/\/arquidiocesebh.org.br\/aderi\/wp-content\/uploads\/sites\/60\/2022\/07\/pidsantuario-1024x768.jpg 1024w, https:\/\/arquidiocesebh.org.br\/aderi\/wp-content\/uploads\/sites\/60\/2022\/07\/pidsantuario-768x576.jpg 768w, https:\/\/arquidiocesebh.org.br\/aderi\/wp-content\/uploads\/sites\/60\/2022\/07\/pidsantuario-1536x1152.jpg 1536w, https:\/\/arquidiocesebh.org.br\/aderi\/wp-content\/uploads\/sites\/60\/2022\/07\/pidsantuario-2048x1536.jpg 2048w, https:\/\/arquidiocesebh.org.br\/aderi\/wp-content\/uploads\/sites\/60\/2022\/07\/pidsantuario-1920x1440.jpg 1920w, https:\/\/arquidiocesebh.org.br\/aderi\/wp-content\/uploads\/sites\/60\/2022\/07\/pidsantuario-800x600.jpg 800w, https:\/\/arquidiocesebh.org.br\/aderi\/wp-content\/uploads\/sites\/60\/2022\/07\/pidsantuario-224x168.jpg 224w\" sizes=\"auto, (max-width: 300px) 100vw, 300px\" \/>O Planejamento Integrado de Desenvolvimento do Santu\u00e1rio Estadual Nossa Senhora da Piedade &#8211; <\/span><b>PID\/Santu\u00e1rio<\/b><span style=\"font-weight: 400\">, surge para uma pactua\u00e7\u00e3o entre territ\u00f3rios e pessoas a partir da proposta feita pela Arquidiocese de Belo Horizonte, por meio da Mitra Arquidiocesana de Belo Horizonte, do Santu\u00e1rio Nossa Senhora da Piedade, a PUC Minas e a Associa\u00e7\u00e3o de Desenvolvimento Regional Integrado (ADERI).\u00a0<\/span><\/p>\n<p style=\"text-align: left\"><span style=\"font-weight: 400\">Visando uma qualifica\u00e7\u00e3o cont\u00ednua do Santu\u00e1rio e seu territ\u00f3rio, o <\/span><b>PID\/Santu\u00e1rio <\/b><span style=\"font-weight: 400\">conta com a\u00e7\u00f5es de curto, m\u00e9dio e longo prazo, considerando o contexto hist\u00f3rico e as recentes realidades dos atributos ambientais, culturais, o potencial educativo e formativo, as for\u00e7as j\u00e1 instaladas e em curso. Al\u00e9m disso, busca a proje\u00e7\u00e3o de cen\u00e1rios, respeitando e fortalecendo os marcos legais e os elementos de identidade f\u00edsica, tang\u00edvel, e tamb\u00e9m o intang\u00edvel, tal qual a promo\u00e7\u00e3o cultural e espiritual das pessoas.<\/span><\/p>\n","protected":false},"excerpt":{"rendered":"<p>O Planejamento Integrado de Desenvolvimento do Santu\u00e1rio Estadual Nossa Senhora da Piedade &#8211; PID\/Santu\u00e1rio, surge para uma pactua\u00e7\u00e3o entre territ\u00f3rios e pessoas a partir da proposta feita pela Arquidiocese de Belo Horizonte, por meio da Mitra Arquidiocesana de Belo Horizonte, do Santu\u00e1rio Nossa Senhora da Piedade, a PUC Minas e a Associa\u00e7\u00e3o de Desenvolvimento Regional [&hellip;]<\/p>\n","protected":false},"author":118,"featured_media":0,"parent":2407,"menu_order":0,"comment_status":"closed","ping_status":"closed","template":"","meta":{"_acf_changed":false,"xn-wppe-expiration":[],"xn-wppe-expiration-action":[],"xn-wppe-expiration-prefix":[],"inline_featured_image":false,"footnotes":""},"class_list":["post-2307","page","type-page","status-publish","hentry"],"acf":[],"_links":{"self":[{"href":"https:\/\/arquidiocesebh.org.br\/aderi\/wp-json\/wp\/v2\/pages\/2307","targetHints":{"allow":["GET"]}}],"collection":[{"href":"https:\/\/arquidiocesebh.org.br\/aderi\/wp-json\/wp\/v2\/pages"}],"about":[{"href":"https:\/\/arquidiocesebh.org.br\/aderi\/wp-json\/wp\/v2\/types\/page"}],"author":[{"embeddable":true,"href":"https:\/\/arquidiocesebh.org.br\/aderi\/wp-json\/wp\/v2\/users\/118"}],"replies":[{"embeddable":true,"href":"https:\/\/arquidiocesebh.org.br\/aderi\/wp-json\/wp\/v2\/comments?post=2307"}],"version-history":[{"count":0,"href":"https:\/\/arquidiocesebh.org.br\/aderi\/wp-json\/wp\/v2\/pages\/2307\/revisions"}],"up":[{"embeddable":true,"href":"https:\/\/arquidiocesebh.org.br\/aderi\/wp-json\/wp\/v2\/pages\/2407"}],"wp:attachment":[{"href":"https:\/\/arquidiocesebh.org.br\/aderi\/wp-json\/wp\/v2\/media?parent=2307"}],"curies":[{"name":"wp","href":"https:\/\/api.w.org\/{rel}","templated":true}]}}