{"id":2089,"date":"2022-04-05T13:00:23","date_gmt":"2022-04-05T16:00:23","guid":{"rendered":"https:\/\/arquidiocesebh.org.br\/adere\/?page_id=2089"},"modified":"2022-06-14T09:30:08","modified_gmt":"2022-06-14T12:30:08","slug":"lives-abh","status":"publish","type":"page","link":"https:\/\/arquidiocesebh.org.br\/aderi\/midiateca\/lives-abh\/","title":{"rendered":"Lives ABH"},"content":{"rendered":"<p><strong>Di\u00e1logos da Romaria\u00a0<\/strong><\/p>\n<p><span style=\"font-weight: 400\">S\u00e9rie de lives que abordam quatro dimens\u00f5es no caminho para o cuidado com a Casa Comum. Cada dimens\u00e3o, referente a quatro esta\u00e7\u00f5es de reflex\u00e3o, nos convoca a refletir sobre quest\u00f5es voltadas para a espiritualidade e o meio ambiente.<\/span><\/p>\n<p><span style=\"font-weight: 400\">Esta\u00e7\u00e3o 1:<\/span><\/p>\n<p><iframe loading=\"lazy\" title=\"Di\u00e1logos da Romaria | 07\/06\/2021 - Sobre o cuidado com a casa comum\" width=\"500\" height=\"281\" src=\"https:\/\/www.youtube.com\/embed\/osXSV97VxD8?feature=oembed\" frameborder=\"0\" allow=\"accelerometer; autoplay; clipboard-write; encrypted-media; gyroscope; picture-in-picture; web-share\" referrerpolicy=\"strict-origin-when-cross-origin\" allowfullscreen><\/iframe><\/p>\n<p><span style=\"font-weight: 400\">Esta\u00e7\u00e3o 2:<\/span><\/p>\n<p><iframe loading=\"lazy\" title=\"Di\u00e1logos da Romaria | 21\/06\/2021 - Sobre a Amizade Social\" width=\"500\" height=\"281\" src=\"https:\/\/www.youtube.com\/embed\/7aM7cqIY9Ek?feature=oembed\" frameborder=\"0\" allow=\"accelerometer; autoplay; clipboard-write; encrypted-media; gyroscope; picture-in-picture; web-share\" referrerpolicy=\"strict-origin-when-cross-origin\" allowfullscreen><\/iframe><\/p>\n<p><span style=\"font-weight: 400\">Esta\u00e7\u00e3o 3:<\/span><\/p>\n<p><iframe loading=\"lazy\" title=\"Di\u00e1logos da Romaria | 05\/07\/2021 - Sobre uma nova Economia\" width=\"500\" height=\"281\" src=\"https:\/\/www.youtube.com\/embed\/eyoo50ZEaSA?feature=oembed\" frameborder=\"0\" allow=\"accelerometer; autoplay; clipboard-write; encrypted-media; gyroscope; picture-in-picture; web-share\" referrerpolicy=\"strict-origin-when-cross-origin\" allowfullscreen><\/iframe><\/p>\n<p><span style=\"font-weight: 400\">Esta\u00e7\u00e3o 4:<\/span><\/p>\n<p><iframe loading=\"lazy\" title=\"Di\u00e1logos da Romaria | 19\/07\/2021 - Educa\u00e7\u00e3o para o Cuidado\" width=\"500\" height=\"281\" src=\"https:\/\/www.youtube.com\/embed\/jF6Hvj7t-_U?feature=oembed\" frameborder=\"0\" allow=\"accelerometer; autoplay; clipboard-write; encrypted-media; gyroscope; picture-in-picture; web-share\" referrerpolicy=\"strict-origin-when-cross-origin\" allowfullscreen><\/iframe><\/p>\n<p>&nbsp;<\/p>\n<p>&nbsp;<\/p>\n<p><a href=\"https:\/\/youtu.be\/8-xfgk_U5yQ\" target=\"_blank\" rel=\"noopener\"><strong>A Economia de Francisco e Clara<\/strong><\/a><\/p>\n<p>&nbsp;<\/p>\n<p>&nbsp;<\/p>\n<p><strong>Pacto Educativo Global\u00a0<\/strong><\/p>\n<ul>\n<li style=\"font-weight: 400\"><a href=\"https:\/\/youtu.be\/ZeeXOqhMqCk\" target=\"_blank\" rel=\"noopener\"><span style=\"font-weight: 400\">Papa promove encontro mundial sobre o Pacto Educativo Global\u00a0<\/span><\/a><\/li>\n<li style=\"font-weight: 400\"><a href=\"https:\/\/youtu.be\/9-L19AT2fI4\" target=\"_blank\" rel=\"noopener\"><span style=\"font-weight: 400\">Pacto Global Educativo no Brasil<\/span><\/a><\/li>\n<\/ul>\n<p>&nbsp;<\/p>\n<p>&nbsp;<\/p>\n<p><a href=\"https:\/\/youtu.be\/nkvZvHFlVDM\" target=\"_blank\" rel=\"noopener\"><strong>Angelus de 15 de outubro de 2017: S\u00ednodo para Amaz\u00f4nia<\/strong><\/a><\/p>\n<p>&nbsp;<\/p>\n<p>&nbsp;<\/p>\n<p><strong>Igreja no Brasil Painel<\/strong><\/p>\n<ul>\n<li style=\"font-weight: 400\"><a href=\"https:\/\/youtu.be\/y327q9lpoPk\" target=\"_blank\" rel=\"noopener\"><span style=\"font-weight: 400\">O encontro a \u201cEconomia de Francisco\u201d<\/span><\/a><\/li>\n<li style=\"font-weight: 400\"><a href=\"https:\/\/youtu.be\/Mj7pLuV2N_I\" target=\"_blank\" rel=\"noopener\"><span style=\"font-weight: 400\">A rela\u00e7\u00e3o com a Natureza \u00e0 luz do Magist\u00e9rio da Igreja e do Papa<\/span><\/a><\/li>\n<\/ul>\n","protected":false},"excerpt":{"rendered":"<p>Di\u00e1logos da Romaria\u00a0 S\u00e9rie de lives que abordam quatro dimens\u00f5es no caminho para o cuidado com a Casa Comum. Cada dimens\u00e3o, referente a quatro esta\u00e7\u00f5es de reflex\u00e3o, nos convoca a refletir sobre quest\u00f5es voltadas para a espiritualidade e o meio ambiente. Esta\u00e7\u00e3o 1: Esta\u00e7\u00e3o 2: Esta\u00e7\u00e3o 3: Esta\u00e7\u00e3o 4: &nbsp; &nbsp; A Economia de Francisco [&hellip;]<\/p>\n","protected":false},"author":86,"featured_media":0,"parent":2082,"menu_order":0,"comment_status":"closed","ping_status":"closed","template":"","meta":{"_acf_changed":false,"xn-wppe-expiration":[],"xn-wppe-expiration-action":[],"xn-wppe-expiration-prefix":[],"inline_featured_image":false,"footnotes":""},"class_list":["post-2089","page","type-page","status-publish","hentry"],"acf":[],"_links":{"self":[{"href":"https:\/\/arquidiocesebh.org.br\/aderi\/wp-json\/wp\/v2\/pages\/2089","targetHints":{"allow":["GET"]}}],"collection":[{"href":"https:\/\/arquidiocesebh.org.br\/aderi\/wp-json\/wp\/v2\/pages"}],"about":[{"href":"https:\/\/arquidiocesebh.org.br\/aderi\/wp-json\/wp\/v2\/types\/page"}],"author":[{"embeddable":true,"href":"https:\/\/arquidiocesebh.org.br\/aderi\/wp-json\/wp\/v2\/users\/86"}],"replies":[{"embeddable":true,"href":"https:\/\/arquidiocesebh.org.br\/aderi\/wp-json\/wp\/v2\/comments?post=2089"}],"version-history":[{"count":0,"href":"https:\/\/arquidiocesebh.org.br\/aderi\/wp-json\/wp\/v2\/pages\/2089\/revisions"}],"up":[{"embeddable":true,"href":"https:\/\/arquidiocesebh.org.br\/aderi\/wp-json\/wp\/v2\/pages\/2082"}],"wp:attachment":[{"href":"https:\/\/arquidiocesebh.org.br\/aderi\/wp-json\/wp\/v2\/media?parent=2089"}],"curies":[{"name":"wp","href":"https:\/\/api.w.org\/{rel}","templated":true}]}}