{"id":2085,"date":"2022-04-05T12:59:03","date_gmt":"2022-04-05T15:59:03","guid":{"rendered":"https:\/\/arquidiocesebh.org.br\/adere\/?page_id=2085"},"modified":"2022-08-22T16:50:06","modified_gmt":"2022-08-22T19:50:06","slug":"producoes-tecnicas-e-bibliograficas","status":"publish","type":"page","link":"https:\/\/arquidiocesebh.org.br\/aderi\/formacao\/producoes-tecnicas-e-bibliograficas\/","title":{"rendered":"Produ\u00e7\u00f5es t\u00e9cnicas e bibliogr\u00e1ficas"},"content":{"rendered":"<p><strong><span style=\"color: #000000\">TCC&#8217;s<\/span><\/strong><\/p>\n<p>&nbsp;<\/p>\n<table width=\"548\">\n<tbody>\n<tr>\n<td width=\"548\"><strong>An\u00e1lise dos processos de gest\u00e3o compartilhada no Monumento Natural Estadual da Serra da Piedade sob a \u00f3ptica do conceito de multiterritorialidade. <\/strong>Trabalho de Conclus\u00e3o de Curso &#8211; Ci\u00eancias Biol\u00f3gicas, Instituto de Ci\u00eancias Biol\u00f3gicas e Sa\u00fade da Pontif\u00edcia Universidade Cat\u00f3lica de Minas Gerais. Belo Horizonte, 2018.<\/p>\n<p>Aluno: Valter Pinto Vieira J\u00fanior<\/p>\n<p>Orientador: Andr\u00e9 Rocha Franco<\/p>\n<p>Coorientador: Miguel \u00c2ngelo Andrade<\/p>\n<p><a href=\"https:\/\/drive.google.com\/file\/d\/1-cwHbejzpI74KSQI12Au8adplrr02lT0\/view?usp=sharing\" target=\"_blank\" rel=\"noopener\">PDF<\/a><\/td>\n<\/tr>\n<\/tbody>\n<\/table>\n<p>&nbsp;<\/p>\n<table width=\"548\">\n<tbody>\n<tr>\n<td width=\"548\"><strong>Espa\u00e7os territoriais, especialmente protegidos na Serra da Piedade: <\/strong>Uma sobreposi\u00e7\u00e3o de limites ou Gest\u00e3o Compartilhada? Trabalho de Conclus\u00e3o de Curso &#8211; Ci\u00eancias Biol\u00f3gicas, Instituto de Ci\u00eancias Biol\u00f3gicas e Sa\u00fade da Pontif\u00edcia Universidade Cat\u00f3lica de Minas Gerais. Belo Horizonte, 2021.<\/p>\n<p>Aluna: Let\u00edcia Gon\u00e7alves de Almeida<\/p>\n<p>Orientador: Miguel \u00c2ngelo Andrade<\/p>\n<p><a href=\"https:\/\/drive.google.com\/file\/d\/171izQGRtT5IOWGEA5RFURsEiMZapT2GF\/view?usp=sharing\" target=\"_blank\" rel=\"noopener\">PDF<\/a><\/td>\n<\/tr>\n<\/tbody>\n<\/table>\n<p>&nbsp;<\/p>\n<table width=\"548\">\n<tbody>\n<tr>\n<td width=\"548\"><strong>Estudo de Tecnologias de educomunica\u00e7\u00e3o aplicadas \u00e0s \u00e1reas protegidas: <\/strong>uma revis\u00e3o bibliogr\u00e1fica. Trabalho de Conclus\u00e3o de Curso &#8211; Ci\u00eancias Biol\u00f3gicas, Instituto de Ci\u00eancias Biol\u00f3gicas e Sa\u00fade da Pontif\u00edcia Universidade Cat\u00f3lica de Minas Gerais. Belo Horizonte, 2021.<\/p>\n<p>Aluna: Luana Montenegro Couceiro Coelho<\/p>\n<p>Orientador: Miguel \u00c2ngelo Andrade<\/td>\n<\/tr>\n<\/tbody>\n<\/table>\n<p>&nbsp;<\/p>\n<table width=\"548\">\n<tbody>\n<tr>\n<td width=\"548\"><strong>Nova abordagem para elabora\u00e7\u00e3o de Planos de Manejo: <\/strong>Estudo de caso em uma unidade de conserva\u00e7\u00e3o de Minas Gerais. Trabalho de Conclus\u00e3o de Curso &#8211; Ci\u00eancias Biol\u00f3gicas, Instituto de Ci\u00eancias Biol\u00f3gicas e Sa\u00fade da Pontif\u00edcia Universidade Cat\u00f3lica de Minas Gerais. Belo Horizonte, 2020.<\/p>\n<p>Aluno: Jo\u00e3o Vitor Lopes Ramos<\/p>\n<p>Orientador: Miguel \u00c2ngelo Andrade<\/p>\n<p><a href=\"https:\/\/drive.google.com\/file\/d\/1SzTAbRxOLdzOyPfLkkVYUgvD4R7GDwJb\/view?usp=sharing\" target=\"_blank\" rel=\"noopener\">PDF<\/a><\/td>\n<\/tr>\n<\/tbody>\n<\/table>\n","protected":false},"excerpt":{"rendered":"<p>TCC&#8217;s &nbsp; An\u00e1lise dos processos de gest\u00e3o compartilhada no Monumento Natural Estadual da Serra da Piedade sob a \u00f3ptica do conceito de multiterritorialidade. Trabalho de Conclus\u00e3o de Curso &#8211; Ci\u00eancias Biol\u00f3gicas, Instituto de Ci\u00eancias Biol\u00f3gicas e Sa\u00fade da Pontif\u00edcia Universidade Cat\u00f3lica de Minas Gerais. Belo Horizonte, 2018. Aluno: Valter Pinto Vieira J\u00fanior Orientador: Andr\u00e9 Rocha [&hellip;]<\/p>\n","protected":false},"author":86,"featured_media":0,"parent":2021,"menu_order":0,"comment_status":"closed","ping_status":"closed","template":"","meta":{"_acf_changed":false,"xn-wppe-expiration":[],"xn-wppe-expiration-action":[],"xn-wppe-expiration-prefix":[],"inline_featured_image":false,"footnotes":""},"class_list":["post-2085","page","type-page","status-publish","hentry"],"acf":[],"_links":{"self":[{"href":"https:\/\/arquidiocesebh.org.br\/aderi\/wp-json\/wp\/v2\/pages\/2085","targetHints":{"allow":["GET"]}}],"collection":[{"href":"https:\/\/arquidiocesebh.org.br\/aderi\/wp-json\/wp\/v2\/pages"}],"about":[{"href":"https:\/\/arquidiocesebh.org.br\/aderi\/wp-json\/wp\/v2\/types\/page"}],"author":[{"embeddable":true,"href":"https:\/\/arquidiocesebh.org.br\/aderi\/wp-json\/wp\/v2\/users\/86"}],"replies":[{"embeddable":true,"href":"https:\/\/arquidiocesebh.org.br\/aderi\/wp-json\/wp\/v2\/comments?post=2085"}],"version-history":[{"count":0,"href":"https:\/\/arquidiocesebh.org.br\/aderi\/wp-json\/wp\/v2\/pages\/2085\/revisions"}],"up":[{"embeddable":true,"href":"https:\/\/arquidiocesebh.org.br\/aderi\/wp-json\/wp\/v2\/pages\/2021"}],"wp:attachment":[{"href":"https:\/\/arquidiocesebh.org.br\/aderi\/wp-json\/wp\/v2\/media?parent=2085"}],"curies":[{"name":"wp","href":"https:\/\/api.w.org\/{rel}","templated":true}]}}