{"id":2060,"date":"2022-04-05T11:38:39","date_gmt":"2022-04-05T14:38:39","guid":{"rendered":"https:\/\/arquidiocesebh.org.br\/adere\/?page_id=2060"},"modified":"2022-08-22T17:32:50","modified_gmt":"2022-08-22T20:32:50","slug":"casa-de-francisco-para-ecologia-integral","status":"publish","type":"page","link":"https:\/\/arquidiocesebh.org.br\/aderi\/casa-de-francisco-para-ecologia-integral\/","title":{"rendered":"Casa de Francisco para Ecologia Integral"},"content":{"rendered":"<p><span style=\"font-weight: 400\">Localizada na regi\u00e3o Norte de Belo Horizonte, a Casa de Francisco \u00e9 um\u00a0 espa\u00e7o que se dedica \u00e0 preserva\u00e7\u00e3o ambiental a partir da Educa\u00e7\u00e3o Ambiental com jovens e adultos. Os visitantes fazem uma trilha ecol\u00f3gica, possibilitando que conhe\u00e7am a natureza local. Al\u00e9m das trilhas, s\u00e3o tamb\u00e9m realizadas: oficinas educativas sobre a preserva\u00e7\u00e3o do Meio Ambiente, visitas \u00e0s nascentes, jogos pedag\u00f3gicos realizados em grupo, rodas de conversa\u00a0 e apresenta\u00e7\u00e3o e valoriza\u00e7\u00e3o de hortas ecol\u00f3gicas.\u00a0<\/span><\/p>\n<p><span style=\"font-weight: 400\">Saiba mais: <\/span><a href=\"https:\/\/providens.arquidiocesebh.org.br\/projetos\/ecologia-integral\/casa-de-francisco\/\"><span style=\"font-weight: 400\">https:\/\/providens.arquidiocesebh.org.br\/projetos\/ecologia-integral\/casa-de-francisco\/<\/span><\/a><span style=\"font-weight: 400\">\u00a0 <\/span><\/p>\n","protected":false},"excerpt":{"rendered":"<p>Localizada na regi\u00e3o Norte de Belo Horizonte, a Casa de Francisco \u00e9 um\u00a0 espa\u00e7o que se dedica \u00e0 preserva\u00e7\u00e3o ambiental a partir da Educa\u00e7\u00e3o Ambiental com jovens e adultos. Os visitantes fazem uma trilha ecol\u00f3gica, possibilitando que conhe\u00e7am a natureza local. Al\u00e9m das trilhas, s\u00e3o tamb\u00e9m realizadas: oficinas educativas sobre a preserva\u00e7\u00e3o do Meio Ambiente, [&hellip;]<\/p>\n","protected":false},"author":86,"featured_media":0,"parent":0,"menu_order":0,"comment_status":"closed","ping_status":"closed","template":"","meta":{"_acf_changed":false,"xn-wppe-expiration":[],"xn-wppe-expiration-action":[],"xn-wppe-expiration-prefix":[],"inline_featured_image":false,"footnotes":""},"class_list":["post-2060","page","type-page","status-publish","hentry"],"acf":[],"_links":{"self":[{"href":"https:\/\/arquidiocesebh.org.br\/aderi\/wp-json\/wp\/v2\/pages\/2060","targetHints":{"allow":["GET"]}}],"collection":[{"href":"https:\/\/arquidiocesebh.org.br\/aderi\/wp-json\/wp\/v2\/pages"}],"about":[{"href":"https:\/\/arquidiocesebh.org.br\/aderi\/wp-json\/wp\/v2\/types\/page"}],"author":[{"embeddable":true,"href":"https:\/\/arquidiocesebh.org.br\/aderi\/wp-json\/wp\/v2\/users\/86"}],"replies":[{"embeddable":true,"href":"https:\/\/arquidiocesebh.org.br\/aderi\/wp-json\/wp\/v2\/comments?post=2060"}],"version-history":[{"count":0,"href":"https:\/\/arquidiocesebh.org.br\/aderi\/wp-json\/wp\/v2\/pages\/2060\/revisions"}],"wp:attachment":[{"href":"https:\/\/arquidiocesebh.org.br\/aderi\/wp-json\/wp\/v2\/media?parent=2060"}],"curies":[{"name":"wp","href":"https:\/\/api.w.org\/{rel}","templated":true}]}}