{"id":2032,"date":"2022-03-29T13:06:35","date_gmt":"2022-03-29T16:06:35","guid":{"rendered":"https:\/\/arquidiocesebh.org.br\/adere\/?page_id=2032"},"modified":"2022-08-22T16:46:32","modified_gmt":"2022-08-22T19:46:32","slug":"plataforma-de-acao-laudato-si","status":"publish","type":"page","link":"https:\/\/arquidiocesebh.org.br\/aderi\/formacao\/plataforma-de-acao-laudato-si\/","title":{"rendered":"Plataforma de A\u00e7\u00e3o Laudato Si"},"content":{"rendered":"<p><span style=\"font-weight: 400\">A Plataforma de A\u00e7\u00e3o Laudato Si\u2019 visa capacitar as organiza\u00e7\u00f5es cat\u00f3licas e todas as pessoas interessadas no Cuidado com a Casa Comum para realizar a\u00e7\u00f5es decisivas, caminhando para um mundo melhor. Foi projetada para sete setores atuantes: a fam\u00edlia e indiv\u00edduos; par\u00f3quias, dioceses, arquidiocese e confer\u00eancias episcopais; institui\u00e7\u00f5es educacionais; institui\u00e7\u00f5es de sa\u00fade; movimentos leigos, comunidades, ONGs, funda\u00e7\u00f5es e centros de comunica\u00e7\u00e3o; setor econ\u00f4mico; e comunidades religiosas.<\/span><\/p>\n<p><span style=\"font-weight: 400\">A plataforma est\u00e1 sendo lan\u00e7ada em etapas durante os anos de 2021 e 2022. Estando completa, ser\u00e1 composta por tr\u00eas elementos: as Orienta\u00e7\u00f5es de Planejamento Laudato Si\u2019 para projetar as jornadas, orienta\u00e7\u00f5es pr\u00e1ticas sobre as formas de agir e recursos para desenvolver comunidades de pr\u00e1tica confi\u00e1veis.\u00a0<\/span><\/p>\n<p><span style=\"font-weight: 400\">Saiba mais acessando a plataforma: <\/span><a href=\"https:\/\/plataformadeacaolaudatosi.org\/\" target=\"_blank\" rel=\"noopener\"><span style=\"font-weight: 400\">https:\/\/plataformadeacaolaudatosi.org\/<\/span><\/a><\/p>\n<p><img loading=\"lazy\" decoding=\"async\" class=\"size-medium wp-image-2533 aligncenter\" src=\"https:\/\/arquidiocesebh.org.br\/aderi\/wp-content\/uploads\/sites\/60\/2022\/07\/plataforma-laudato-300x95.jpg\" alt=\"\" width=\"300\" height=\"95\" srcset=\"https:\/\/arquidiocesebh.org.br\/aderi\/wp-content\/uploads\/sites\/60\/2022\/07\/plataforma-laudato-300x95.jpg 300w, https:\/\/arquidiocesebh.org.br\/aderi\/wp-content\/uploads\/sites\/60\/2022\/07\/plataforma-laudato-224x71.jpg 224w, https:\/\/arquidiocesebh.org.br\/aderi\/wp-content\/uploads\/sites\/60\/2022\/07\/plataforma-laudato.jpg 398w\" sizes=\"auto, (max-width: 300px) 100vw, 300px\" \/><\/p>\n","protected":false},"excerpt":{"rendered":"<p>A Plataforma de A\u00e7\u00e3o Laudato Si\u2019 visa capacitar as organiza\u00e7\u00f5es cat\u00f3licas e todas as pessoas interessadas no Cuidado com a Casa Comum para realizar a\u00e7\u00f5es decisivas, caminhando para um mundo melhor. Foi projetada para sete setores atuantes: a fam\u00edlia e indiv\u00edduos; par\u00f3quias, dioceses, arquidiocese e confer\u00eancias episcopais; institui\u00e7\u00f5es educacionais; institui\u00e7\u00f5es de sa\u00fade; movimentos leigos, comunidades, [&hellip;]<\/p>\n","protected":false},"author":86,"featured_media":0,"parent":2021,"menu_order":0,"comment_status":"closed","ping_status":"closed","template":"","meta":{"_acf_changed":false,"xn-wppe-expiration":[],"xn-wppe-expiration-action":[],"xn-wppe-expiration-prefix":[],"inline_featured_image":false,"footnotes":""},"class_list":["post-2032","page","type-page","status-publish","hentry"],"acf":[],"_links":{"self":[{"href":"https:\/\/arquidiocesebh.org.br\/aderi\/wp-json\/wp\/v2\/pages\/2032","targetHints":{"allow":["GET"]}}],"collection":[{"href":"https:\/\/arquidiocesebh.org.br\/aderi\/wp-json\/wp\/v2\/pages"}],"about":[{"href":"https:\/\/arquidiocesebh.org.br\/aderi\/wp-json\/wp\/v2\/types\/page"}],"author":[{"embeddable":true,"href":"https:\/\/arquidiocesebh.org.br\/aderi\/wp-json\/wp\/v2\/users\/86"}],"replies":[{"embeddable":true,"href":"https:\/\/arquidiocesebh.org.br\/aderi\/wp-json\/wp\/v2\/comments?post=2032"}],"version-history":[{"count":0,"href":"https:\/\/arquidiocesebh.org.br\/aderi\/wp-json\/wp\/v2\/pages\/2032\/revisions"}],"up":[{"embeddable":true,"href":"https:\/\/arquidiocesebh.org.br\/aderi\/wp-json\/wp\/v2\/pages\/2021"}],"wp:attachment":[{"href":"https:\/\/arquidiocesebh.org.br\/aderi\/wp-json\/wp\/v2\/media?parent=2032"}],"curies":[{"name":"wp","href":"https:\/\/api.w.org\/{rel}","templated":true}]}}