{"id":2026,"date":"2022-03-29T13:04:42","date_gmt":"2022-03-29T16:04:42","guid":{"rendered":"https:\/\/arquidiocesebh.org.br\/adere\/?page_id=2026"},"modified":"2022-11-01T14:27:51","modified_gmt":"2022-11-01T17:27:51","slug":"romaria-pela-ecologia-integral","status":"publish","type":"page","link":"https:\/\/arquidiocesebh.org.br\/aderi\/formacao\/romaria-pela-ecologia-integral\/","title":{"rendered":"Romaria pela Ecologia Integral"},"content":{"rendered":"<p>Em 2021, a 2\u00ba Romaria Arquidiocesana pela Ecologia Integral come\u00e7ou no Santu\u00e1rio Bas\u00edlica Nossa Senhora da Piedade e se estendeu ao longo do ano nos lares e comunidades, no intuito de divulgar e se fazer compreender as li\u00e7\u00f5es da Carta Enc\u00edclica Laudato Si\u2019 a partir de um percurso formativo realizado por meio da s\u00e9rie de lives &#8220;Di\u00e1logos da Romaria&#8221; e a elabora\u00e7\u00e3o do livro &#8220;Refletir e Agir pela Casa Comum: Estrat\u00e9gias para uma Ecologia Integral&#8221;. Se tratando sobre o cuidado com a casa comum, a carta faz um apelo para que cada indiv\u00edduo, em seu campo de a\u00e7\u00e3o, e cada esfera institucional transforme h\u00e1bitos e crie modos de cuidar das riquezas naturais e da biodiversidade.<\/p>\n<p>Ao longo do percurso, inspiramo-nos na jornada do romeiro, que faz pausas em esta\u00e7\u00f5es de repouso e renova\u00e7\u00e3o no decorrer do caminho. Caminhando para a Casa Comum, o percurso formativo conta com quatro esta\u00e7\u00f5es de reflex\u00e3o e renova\u00e7\u00e3o de conceitos e pr\u00e1ticas que nos levam \u00e0 constru\u00e7\u00e3o de novas formas de nos relacionarmos com a vida e com o mundo.<\/p>\n<p>A Dimens\u00e3o Ecol\u00f3gica: \u201cEcologia Integral\u201d \u00e9 o tema da reflex\u00e3o da primeira Esta\u00e7\u00e3o. Nela, nos aprofundamos na carta Enc\u00edclica Laudato Si\u2019 e em seus conceitos fundamentais, tal como a no\u00e7\u00e3o de que tudo est\u00e1 interligado, havendo apenas uma crise: a socioambiental.<\/p>\n<p>A segunda Esta\u00e7\u00e3o aborda a Dimens\u00e3o Social: \u201cFraternidade como base da Sustentabilidade\u201d. Como texto base, nos aprofundamos na carta Enc\u00edclica Fratelli Tutti, refletindo para uma cultura do encontro.<\/p>\n<p>A Economia de Francisco e Clara se faz presente na terceira Esta\u00e7\u00e3o: Dimens\u00e3o Econ\u00f4mica: \u201cEconomia do Bem Viver\u201d. O intuito \u00e9 de repensar e renovar a economia, humanizando-a: torn\u00e1-la mais justa, mais sustent\u00e1vel e assegurar uma nova preemin\u00eancia para as popula\u00e7\u00f5es exclu\u00eddas.<\/p>\n<p>Para completar o percurso, paramos na quarta e \u00faltima Esta\u00e7\u00e3o: Dimens\u00e3o Espiritual: \u201cDi\u00e1logo dos Saberes\u201d. Aqui nos preparamos para o encontro com o diferente, de forma que as distin\u00e7\u00f5es culturais, religiosas e de ideias se encontrem para o di\u00e1logo, construindo uma educa\u00e7\u00e3o que abrange os saberes do mundo e formando uma humanidade cada vez mais fraterna. O Pacto Educativo Global \u00e9 base para nossos estudos nessa esta\u00e7\u00e3o.<\/p>\n<p>&nbsp;<\/p>\n<p><strong>| Di\u00e1logos da Romaria |<\/strong><\/p>\n<p>Dentre os recursos para se efetuar a jornada at\u00e9 a Casa Comum, foi realizada a s\u00e9rie \u201cDi\u00e1logos da Romaria\u201d, composta por quatro lives, cada uma associada a uma Esta\u00e7\u00e3o.<\/p>\n<p>As lives podem ser acessadas pelo link:<\/p>\n<p><a href=\"https:\/\/www.youtube.com\/playlist?list=PLcU0_iJxEHreMU-IkG8kGAf7bvBNSF71p\" target=\"_blank\" rel=\"noopener\">https:\/\/www.youtube.com\/playlist?list=PLcU0_iJxEHreMU-IkG8kGAf7bvBNSF71p<\/a><\/p>\n<p>&nbsp;<\/p>\n<p><a href=\"https:\/\/issuu.com\/aderiabh\/docs\/guia_percurso_formativo_arquidiocese_bh_vfinal_dig\" target=\"_blank\" rel=\"noopener\"><strong>|Livro: Refletir e Agir pela Casa Comum &#8211; Estrat\u00e9gias para uma Ecologia Integral |<\/strong><\/a><\/p>\n<p>O percurso formativo conta com o livro &#8220;<a href=\"https:\/\/issuu.com\/aderiabh\/docs\/guia_percurso_formativo_arquidiocese_bh_vfinal_dig\" target=\"_blank\" rel=\"noopener\">Refletir e Agir pela Casa Comum &#8211; Estrat\u00e9gias para uma Ecologia Integral<\/a> &#8220;, que busca inspirar cada pessoa ou grupo interessado no cuidado com a Casa Comum a refletir e agir em prol do planeta Terra. Composto pelas quatro Esta\u00e7\u00f5es de reflex\u00e3o, por recursos diversos para aprofundamento e por sugest\u00f5es de a\u00e7\u00f5es decisivas, o leitor tem a oportunidade de se instruir e construir em seu campo de a\u00e7\u00e3o as sementes que germinar\u00e3o os novos tempos.<\/p>\n<p>O lan\u00e7amento do livro ocorreu no 1\u00ba Encontro dos Semeadores de Francisco pela Ecologia Integral, contando com 47 inscritos e um p\u00fablico de diversas idades. O Encontro foi marcado pela m\u00fasica, ora\u00e7\u00e3o, confraterniza\u00e7\u00e3o e pela troca de saberes, onde participaram membros das par\u00f3quias e organizadores do evento.<\/p>\n","protected":false},"excerpt":{"rendered":"<p>Em 2021, a 2\u00ba Romaria Arquidiocesana pela Ecologia Integral come\u00e7ou no Santu\u00e1rio Bas\u00edlica Nossa Senhora da Piedade e se estendeu ao longo do ano nos lares e comunidades, no intuito de divulgar e se fazer compreender as li\u00e7\u00f5es da Carta Enc\u00edclica Laudato Si\u2019 a partir de um percurso formativo realizado por meio da s\u00e9rie de [&hellip;]<\/p>\n","protected":false},"author":86,"featured_media":0,"parent":2021,"menu_order":0,"comment_status":"closed","ping_status":"closed","template":"","meta":{"_acf_changed":false,"xn-wppe-expiration":[],"xn-wppe-expiration-action":[],"xn-wppe-expiration-prefix":[],"inline_featured_image":false,"footnotes":""},"class_list":["post-2026","page","type-page","status-publish","hentry"],"acf":[],"_links":{"self":[{"href":"https:\/\/arquidiocesebh.org.br\/aderi\/wp-json\/wp\/v2\/pages\/2026","targetHints":{"allow":["GET"]}}],"collection":[{"href":"https:\/\/arquidiocesebh.org.br\/aderi\/wp-json\/wp\/v2\/pages"}],"about":[{"href":"https:\/\/arquidiocesebh.org.br\/aderi\/wp-json\/wp\/v2\/types\/page"}],"author":[{"embeddable":true,"href":"https:\/\/arquidiocesebh.org.br\/aderi\/wp-json\/wp\/v2\/users\/86"}],"replies":[{"embeddable":true,"href":"https:\/\/arquidiocesebh.org.br\/aderi\/wp-json\/wp\/v2\/comments?post=2026"}],"version-history":[{"count":0,"href":"https:\/\/arquidiocesebh.org.br\/aderi\/wp-json\/wp\/v2\/pages\/2026\/revisions"}],"up":[{"embeddable":true,"href":"https:\/\/arquidiocesebh.org.br\/aderi\/wp-json\/wp\/v2\/pages\/2021"}],"wp:attachment":[{"href":"https:\/\/arquidiocesebh.org.br\/aderi\/wp-json\/wp\/v2\/media?parent=2026"}],"curies":[{"name":"wp","href":"https:\/\/api.w.org\/{rel}","templated":true}]}}