{"id":2019,"date":"2022-03-29T13:01:27","date_gmt":"2022-03-29T16:01:27","guid":{"rendered":"https:\/\/arquidiocesebh.org.br\/adere\/?page_id=2019"},"modified":"2022-10-06T14:34:33","modified_gmt":"2022-10-06T17:34:33","slug":"estrategias-de-formacao-cadastrar","status":"publish","type":"page","link":"https:\/\/arquidiocesebh.org.br\/aderi\/painel-da-partilha\/estrategias-de-formacao-cadastrar\/","title":{"rendered":"Estrat\u00e9gias de Forma\u00e7\u00e3o (cadastrar)"},"content":{"rendered":"<p>Este espa\u00e7o \u00e9 destinado para Indica\u00e7\u00e3o de Filmes, V\u00eddeos e Livros.<\/p>\n<p>&nbsp;<\/p>\n\n<div class=\"wpcf7 no-js\" id=\"wpcf7-f2264-o1\" lang=\"pt-BR\" dir=\"ltr\" data-wpcf7-id=\"2264\">\n<div class=\"screen-reader-response\"><p role=\"status\" aria-live=\"polite\" aria-atomic=\"true\"><\/p> <ul><\/ul><\/div>\n<form action=\"\/aderi\/wp-json\/wp\/v2\/pages\/2019#wpcf7-f2264-o1\" method=\"post\" class=\"wpcf7-form init\" aria-label=\"Formul\u00e1rios de contato\" novalidate=\"novalidate\" data-status=\"init\">\n<fieldset class=\"hidden-fields-container\"><input type=\"hidden\" name=\"_wpcf7\" value=\"2264\" \/><input type=\"hidden\" name=\"_wpcf7_version\" value=\"6.1.5\" \/><input type=\"hidden\" name=\"_wpcf7_locale\" value=\"pt_BR\" \/><input type=\"hidden\" name=\"_wpcf7_unit_tag\" value=\"wpcf7-f2264-o1\" \/><input type=\"hidden\" name=\"_wpcf7_container_post\" value=\"0\" \/><input type=\"hidden\" name=\"_wpcf7_posted_data_hash\" value=\"\" \/>\n<\/fieldset>\n<div class=\"row\">    \n    &nbsp&nbsp&nbsp Informa\u00e7\u00f5es Pessoais:\n<\/div>\n<div class=\"row\">\n\t<div class=\"col-sm-12 col-xs-24\">\n\t\t<div class=\"form-group\">\n\t\t\t<label for=\"inputSeuNome\">Seu Nome *<\/label>\n                        <span class=\"wpcf7-form-control-wrap\" data-name=\"seu-nome\"><input size=\"40\" maxlength=\"400\" class=\"wpcf7-form-control wpcf7-text wpcf7-validates-as-required form-control\" id=\"inputSeuNome\" autocomplete=\"off\" aria-required=\"true\" aria-invalid=\"false\" value=\"\" type=\"text\" name=\"seu-nome\" \/><\/span>\n\t\t<\/div>\n\t<\/div>\n\n\t<div class=\"col-sm-12 col-xs-24\">\n\t\t<div class=\"form-group\">\n\t\t\t<label for=\"inputSeuEmail\">Seu E-mail *<\/label>\n                        <span class=\"wpcf7-form-control-wrap\" data-name=\"seu-email\"><input size=\"40\" maxlength=\"400\" class=\"wpcf7-form-control wpcf7-email wpcf7-validates-as-required wpcf7-text wpcf7-validates-as-email form-control\" id=\"inputSeuEmail\" autocomplete=\"off\" aria-required=\"true\" aria-invalid=\"false\" value=\"\" type=\"email\" name=\"seu-email\" \/><\/span>\n\t\t<\/div>\n\t<\/div>\n<\/div>\n    \n    \n<div class=\"row\">    \n     &nbsp&nbsp&nbsp Sugest\u00f5es de Materiais(link de livro, artigo, v\u00eddeo, etc) \n<\/div>\n<div class=\"row\">\n\t<div class=\"col-sm-12 col-xs-24\">\n\t\t<div class=\"form-group\">\n\t\t\t<label for=\"inputNomeSugestao\">Qual a sua Sugest\u00e3o *<\/label>\n                        <span class=\"wpcf7-form-control-wrap\" data-name=\"nome-acao-pratica\"><input size=\"40\" maxlength=\"400\" class=\"wpcf7-form-control wpcf7-text wpcf7-validates-as-required form-control\" id=\"inputNomeSugestao\" autocomplete=\"off\" aria-required=\"true\" aria-invalid=\"false\" value=\"\" type=\"text\" name=\"nome-acao-pratica\" \/><\/span>\n\t\t<\/div>\n\t<\/div>\n\n\t<div class=\"col-sm-12 col-xs-24\">\n\t\t<div class=\"form-group\">\n\t\t\t<label for=\"inputContatoSugestao\">Contato da sua Sugest\u00e3o *<\/label>\n                        <span class=\"wpcf7-form-control-wrap\" data-name=\"contato-acao-pratica\"><input size=\"40\" maxlength=\"400\" class=\"wpcf7-form-control wpcf7-text wpcf7-validates-as-required form-control\" id=\"inputContatoSugestao\" autocomplete=\"off\" aria-required=\"true\" aria-invalid=\"false\" value=\"\" type=\"text\" name=\"contato-acao-pratica\" \/><\/span>\n\t\t<\/div>\n\t<\/div>\n<\/div>\n    \n\n<div class=\"form-group\">\n\t<label for=\"inputMensagem\">Relato sobre a sua Sugest\u00e3o *<\/label>\n        <span class=\"wpcf7-form-control-wrap\" data-name=\"sua-mensagem\"><textarea cols=\"40\" rows=\"10\" maxlength=\"2000\" class=\"wpcf7-form-control wpcf7-textarea wpcf7-validates-as-required form-control\" id=\"inputMensagem\" autocomplete=\"off\" aria-required=\"true\" aria-invalid=\"false\" name=\"sua-mensagem\"><\/textarea><\/span>\n<\/div>\n\n<input class=\"wpcf7-form-control wpcf7-submit has-spinner btn btn-warning btn-block btn-lg\" type=\"submit\" value=\"Enviar\" \/><div class=\"wpcf7-response-output\" aria-hidden=\"true\"><\/div>\n<\/form>\n<\/div>\n\n<p>&nbsp;<\/p>\n<p>&nbsp;<\/p>\n","protected":false},"excerpt":{"rendered":"<p>Este espa\u00e7o \u00e9 destinado para Indica\u00e7\u00e3o de Filmes, V\u00eddeos e Livros. &nbsp; &nbsp; &nbsp;<\/p>\n","protected":false},"author":86,"featured_media":0,"parent":2015,"menu_order":0,"comment_status":"closed","ping_status":"closed","template":"","meta":{"_acf_changed":false,"xn-wppe-expiration":[],"xn-wppe-expiration-action":[],"xn-wppe-expiration-prefix":[],"inline_featured_image":false,"footnotes":""},"class_list":["post-2019","page","type-page","status-publish","hentry"],"acf":[],"_links":{"self":[{"href":"https:\/\/arquidiocesebh.org.br\/aderi\/wp-json\/wp\/v2\/pages\/2019","targetHints":{"allow":["GET"]}}],"collection":[{"href":"https:\/\/arquidiocesebh.org.br\/aderi\/wp-json\/wp\/v2\/pages"}],"about":[{"href":"https:\/\/arquidiocesebh.org.br\/aderi\/wp-json\/wp\/v2\/types\/page"}],"author":[{"embeddable":true,"href":"https:\/\/arquidiocesebh.org.br\/aderi\/wp-json\/wp\/v2\/users\/86"}],"replies":[{"embeddable":true,"href":"https:\/\/arquidiocesebh.org.br\/aderi\/wp-json\/wp\/v2\/comments?post=2019"}],"version-history":[{"count":0,"href":"https:\/\/arquidiocesebh.org.br\/aderi\/wp-json\/wp\/v2\/pages\/2019\/revisions"}],"up":[{"embeddable":true,"href":"https:\/\/arquidiocesebh.org.br\/aderi\/wp-json\/wp\/v2\/pages\/2015"}],"wp:attachment":[{"href":"https:\/\/arquidiocesebh.org.br\/aderi\/wp-json\/wp\/v2\/media?parent=2019"}],"curies":[{"name":"wp","href":"https:\/\/api.w.org\/{rel}","templated":true}]}}