{"id":2017,"date":"2022-03-29T12:54:25","date_gmt":"2022-03-29T15:54:25","guid":{"rendered":"https:\/\/arquidiocesebh.org.br\/adere\/?page_id=2017"},"modified":"2023-09-28T12:46:50","modified_gmt":"2023-09-28T15:46:50","slug":"boas-praticas","status":"publish","type":"page","link":"https:\/\/arquidiocesebh.org.br\/aderi\/painel-da-partilha\/boas-praticas\/","title":{"rendered":"Boas Pr\u00e1ticas (cadastrar)"},"content":{"rendered":"<p>Este espa\u00e7o \u00e9 destinado ao compartilhamento de boas pr\u00e1ticas, em iniciativas individuais ou coletivas, como forma de incentivar, motivar e inspirar pessoas e comunidades.<\/p>\n<p>Preencha os campos abaixo:<\/p>\n\n<div class=\"wpcf7 no-js\" id=\"wpcf7-f2262-o1\" lang=\"pt-BR\" dir=\"ltr\" data-wpcf7-id=\"2262\">\n<div class=\"screen-reader-response\"><p role=\"status\" aria-live=\"polite\" aria-atomic=\"true\"><\/p> <ul><\/ul><\/div>\n<form action=\"\/aderi\/wp-json\/wp\/v2\/pages\/2017#wpcf7-f2262-o1\" method=\"post\" class=\"wpcf7-form init\" aria-label=\"Formul\u00e1rios de contato\" enctype=\"multipart\/form-data\" novalidate=\"novalidate\" data-status=\"init\">\n<fieldset class=\"hidden-fields-container\"><input type=\"hidden\" name=\"_wpcf7\" value=\"2262\" \/><input type=\"hidden\" name=\"_wpcf7_version\" value=\"6.1.5\" \/><input type=\"hidden\" name=\"_wpcf7_locale\" value=\"pt_BR\" \/><input type=\"hidden\" name=\"_wpcf7_unit_tag\" value=\"wpcf7-f2262-o1\" \/><input type=\"hidden\" name=\"_wpcf7_container_post\" value=\"0\" \/><input type=\"hidden\" name=\"_wpcf7_posted_data_hash\" value=\"\" \/>\n<\/fieldset>\n<div class=\"row\">    \n    &nbsp&nbsp&nbsp Informa\u00e7\u00f5es Pessoais:\n<\/div>\n<div class=\"row\">\n\t<div class=\"col-sm-12 col-xs-24\">\n\t\t<div class=\"form-group\">\n\t\t\t<label for=\"inputSeuNome\">Seu Nome *<\/label>\n                        <span class=\"wpcf7-form-control-wrap\" data-name=\"seu-nome\"><input size=\"40\" maxlength=\"400\" class=\"wpcf7-form-control wpcf7-text wpcf7-validates-as-required form-control\" id=\"inputSeuNome\" autocomplete=\"off\" aria-required=\"true\" aria-invalid=\"false\" value=\"\" type=\"text\" name=\"seu-nome\" \/><\/span>\n\t\t<\/div>\n\t<\/div>\n\n\t<div class=\"col-sm-12 col-xs-24\">\n\t\t<div class=\"form-group\">\n\t\t\t<label for=\"inputSeuEmail\">Seu E-mail *<\/label>\n                        <span class=\"wpcf7-form-control-wrap\" data-name=\"seu-email\"><input size=\"40\" maxlength=\"400\" class=\"wpcf7-form-control wpcf7-email wpcf7-validates-as-required wpcf7-text wpcf7-validates-as-email form-control\" id=\"inputSeuEmail\" autocomplete=\"off\" aria-required=\"true\" aria-invalid=\"false\" value=\"\" type=\"email\" name=\"seu-email\" \/><\/span>\n\t\t<\/div>\n\t<\/div>\n<\/div>\n    \n    \n<div class=\"row\">    \n     &nbsp&nbsp&nbsp Informa\u00e7\u00e3o da A\u00e7\u00e3o\/Pr\u00e1tica\n<\/div>\n<div class=\"row\">\n\t<div class=\"col-sm-12 col-xs-24\">\n\t\t<div class=\"form-group\">\n\t\t\t<label for=\"inputNomeAcaoPratica\">Nome da A\u00e7\u00e3o\/Pr\u00e1tica *<\/label>\n                        <span class=\"wpcf7-form-control-wrap\" data-name=\"nome-acao-pratica\"><input size=\"40\" maxlength=\"400\" class=\"wpcf7-form-control wpcf7-text wpcf7-validates-as-required form-control\" id=\"inputNomeAcaoPratica\" autocomplete=\"off\" aria-required=\"true\" aria-invalid=\"false\" value=\"\" type=\"text\" name=\"nome-acao-pratica\" \/><\/span>\n\t\t<\/div>\n\t<\/div>\n\n\t<div class=\"col-sm-12 col-xs-24\">\n\t\t<div class=\"form-group\">\n\t\t\t<label for=\"inputResponsavelAcaoPratica\">Respons\u00e1vel da A\u00e7\u00e3o\/Pr\u00e1tica (Pessoa e\/ou Institui\u00e7\u00e3o) *<\/label>\n                        <span class=\"wpcf7-form-control-wrap\" data-name=\"responsavel-acao-pratica\"><input size=\"40\" maxlength=\"400\" class=\"wpcf7-form-control wpcf7-text wpcf7-validates-as-required form-control\" id=\"inputResponsavelAcaoPratica\" autocomplete=\"off\" aria-required=\"true\" aria-invalid=\"false\" value=\"\" type=\"text\" name=\"responsavel-acao-pratica\" \/><\/span>\n\t\t<\/div>\n\t<\/div>\n<\/div>\n    \n<div class=\"row\">\n\t<div class=\"col-sm-12 col-xs-24\">\n\t\t<div class=\"form-group\">\n\t\t\t<label for=\"inputContatoAcaoPratica\">Contato da A\u00e7\u00e3o\/Pr\u00e1tica *<\/label>\n                        <span class=\"wpcf7-form-control-wrap\" data-name=\"contato-acao-pratica\"><input size=\"40\" maxlength=\"400\" class=\"wpcf7-form-control wpcf7-text wpcf7-validates-as-required form-control\" id=\"inputContatoAcaoPratica\" autocomplete=\"off\" aria-required=\"true\" aria-invalid=\"false\" value=\"\" type=\"text\" name=\"contato-acao-pratica\" \/><\/span>\n\t\t<\/div>\n\t<\/div>\n\n\t<div class=\"col-sm-12 col-xs-24\">\n\t\t<div class=\"form-group\">\n\t\t\t<label for=\"inputLinkAcaoPratica\">Link da A\u00e7\u00e3o\/Pr\u00e1tica *<\/label>\n                        <span class=\"wpcf7-form-control-wrap\" data-name=\"link-acao-pratica\"><input size=\"40\" maxlength=\"400\" class=\"wpcf7-form-control wpcf7-url wpcf7-validates-as-required wpcf7-text wpcf7-validates-as-url form-control\" id=\"inputLinkAcaoPratica\" autocomplete=\"off\" aria-required=\"true\" aria-invalid=\"false\" value=\"\" type=\"url\" name=\"link-acao-pratica\" \/><\/span>\n\n\t\t<\/div>\n\t<\/div>\n<\/div>\n    \n\n<div class=\"form-group\">\n\t<label for=\"inputMensagem\">Relato sobre a A\u00e7\u00e3o\/Pr\u00e1tica *<\/label>\n        <span class=\"wpcf7-form-control-wrap\" data-name=\"sua-mensagem\"><textarea cols=\"40\" rows=\"10\" maxlength=\"2000\" class=\"wpcf7-form-control wpcf7-textarea wpcf7-validates-as-required form-control\" id=\"inputMensagem\" autocomplete=\"off\" aria-required=\"true\" aria-invalid=\"false\" name=\"sua-mensagem\"><\/textarea><\/span>\n<\/div>\n\n\n<div class=\"row\">\n\t<div class=\"col-sm-12 col-xs-24\">\n\t\t<div class=\"form-group\">\n\t\t\t<label for=\"inputImagem1Pratica\">Insira aqui uma imagem pr\u00e1tica relatada<\/label>\n                        <span class=\"wpcf7-form-control-wrap\" data-name=\"imagemDaPratica\"><input size=\"40\" class=\"wpcf7-form-control wpcf7-file wpcf7-validates-as-required\" id=\"inputImagePratica\" accept=\"audio\/*,video\/*,image\/*\" aria-required=\"true\" aria-invalid=\"false\" type=\"file\" name=\"imagemDaPratica\" \/><\/span>\n                        \n\t\t<\/div>\n\t<\/div>\n\n        <div class=\"col-sm-12 col-xs-24\">\n             <div class=\"form-group\">\n\t\t<label for=\"inputLegendaImage1\"> Legenda da imagem 1 <\/label>\n                <span class=\"wpcf7-form-control-wrap\" data-name=\"text-legenda-image1\"><input size=\"40\" maxlength=\"400\" class=\"wpcf7-form-control wpcf7-text wpcf7-validates-as-required form-control\" id=\"inputLegendaImage\" autocomplete=\"off\" aria-required=\"true\" aria-invalid=\"false\" placeholder=\"Escreva aqui a legenda da imagem 1\" value=\"\" type=\"text\" name=\"text-legenda-image1\" \/><\/span>\n             <\/div>\n        <\/div>\n\n<\/div>\n\n\n<div class=\"row\">\n\n<div class=\"col-sm-12 col-xs-24\">\n\t\t<div class=\"form-group\">\n\t\t\t<label for=\"inputImagem2Pratica\">Se desejar insira aqui a segunda imagem<\/label>\n                        <span class=\"wpcf7-form-control-wrap\" data-name=\"imagem2DaPratica\"><input size=\"40\" class=\"wpcf7-form-control wpcf7-file\" accept=\"audio\/*,video\/*,image\/*\" aria-invalid=\"false\" type=\"file\" name=\"imagem2DaPratica\" \/><\/span>\n                        \n\t\t<\/div>\n\t<\/div>\n\t\n\n<div class=\"col-sm-12 col-xs-24\">\n\t\t<div class=\"form-group\">\n\t\t\t<label for=\"inputLegendaImage2\"> Legenda da imagem 2 <\/label>\n                        <span class=\"wpcf7-form-control-wrap\" data-name=\"text-legenda-image2\"><input size=\"40\" maxlength=\"400\" class=\"wpcf7-form-control wpcf7-text form-control\" autocomplete=\"off\" aria-invalid=\"false\" placeholder=\"Escreva aqui a legenda da imagem 2\" value=\"\" type=\"text\" name=\"text-legenda-image2\" \/><\/span>\n<\/div>\n\n<\/div>\n\n<div style=\"font-style: italic;\">  (<span style=\"font-weight: bold;\"> OBS:<\/span> Para enviar as imagens, elas devem ter at\u00e9 1MB e as extens\u00f5es aceitas s\u00e3o .jpg, .jpeg, .png, .pdf, .gif) &nbsp&nbsp&nbsp <\/div>\n<br><br>\n\n<input class=\"wpcf7-form-control wpcf7-submit has-spinner btn btn-warning btn-block btn-lg\" type=\"submit\" value=\"Enviar\" \/><div class=\"wpcf7-response-output\" aria-hidden=\"true\"><\/div>\n<\/form>\n<\/div>\n\n","protected":false},"excerpt":{"rendered":"<p>Este espa\u00e7o \u00e9 destinado ao compartilhamento de boas pr\u00e1ticas, em iniciativas individuais ou coletivas, como forma de incentivar, motivar e inspirar pessoas e comunidades. Preencha os campos abaixo:<\/p>\n","protected":false},"author":86,"featured_media":0,"parent":2015,"menu_order":0,"comment_status":"closed","ping_status":"closed","template":"","meta":{"_acf_changed":false,"xn-wppe-expiration":[],"xn-wppe-expiration-action":[],"xn-wppe-expiration-prefix":[],"inline_featured_image":false,"footnotes":""},"class_list":["post-2017","page","type-page","status-publish","hentry"],"acf":[],"_links":{"self":[{"href":"https:\/\/arquidiocesebh.org.br\/aderi\/wp-json\/wp\/v2\/pages\/2017","targetHints":{"allow":["GET"]}}],"collection":[{"href":"https:\/\/arquidiocesebh.org.br\/aderi\/wp-json\/wp\/v2\/pages"}],"about":[{"href":"https:\/\/arquidiocesebh.org.br\/aderi\/wp-json\/wp\/v2\/types\/page"}],"author":[{"embeddable":true,"href":"https:\/\/arquidiocesebh.org.br\/aderi\/wp-json\/wp\/v2\/users\/86"}],"replies":[{"embeddable":true,"href":"https:\/\/arquidiocesebh.org.br\/aderi\/wp-json\/wp\/v2\/comments?post=2017"}],"version-history":[{"count":0,"href":"https:\/\/arquidiocesebh.org.br\/aderi\/wp-json\/wp\/v2\/pages\/2017\/revisions"}],"up":[{"embeddable":true,"href":"https:\/\/arquidiocesebh.org.br\/aderi\/wp-json\/wp\/v2\/pages\/2015"}],"wp:attachment":[{"href":"https:\/\/arquidiocesebh.org.br\/aderi\/wp-json\/wp\/v2\/media?parent=2017"}],"curies":[{"name":"wp","href":"https:\/\/api.w.org\/{rel}","templated":true}]}}