{"id":2009,"date":"2022-03-29T12:14:06","date_gmt":"2022-03-29T15:14:06","guid":{"rendered":"https:\/\/arquidiocesebh.org.br\/adere\/?page_id=2009"},"modified":"2022-07-27T10:43:51","modified_gmt":"2022-07-27T13:43:51","slug":"servicos","status":"publish","type":"page","link":"https:\/\/arquidiocesebh.org.br\/aderi\/quem-somos\/servicos\/","title":{"rendered":"Servi\u00e7os"},"content":{"rendered":"<p><img loading=\"lazy\" decoding=\"async\" class=\"size-medium wp-image-2486 alignright\" src=\"https:\/\/arquidiocesebh.org.br\/aderi\/wp-content\/uploads\/sites\/60\/2022\/07\/20181010-104337-1-300x225.jpg\" alt=\"\" width=\"300\" height=\"225\" srcset=\"https:\/\/arquidiocesebh.org.br\/aderi\/wp-content\/uploads\/sites\/60\/2022\/07\/20181010-104337-1-300x225.jpg 300w, https:\/\/arquidiocesebh.org.br\/aderi\/wp-content\/uploads\/sites\/60\/2022\/07\/20181010-104337-1-1024x768.jpg 1024w, https:\/\/arquidiocesebh.org.br\/aderi\/wp-content\/uploads\/sites\/60\/2022\/07\/20181010-104337-1-768x576.jpg 768w, https:\/\/arquidiocesebh.org.br\/aderi\/wp-content\/uploads\/sites\/60\/2022\/07\/20181010-104337-1-1536x1152.jpg 1536w, https:\/\/arquidiocesebh.org.br\/aderi\/wp-content\/uploads\/sites\/60\/2022\/07\/20181010-104337-1-2048x1536.jpg 2048w, https:\/\/arquidiocesebh.org.br\/aderi\/wp-content\/uploads\/sites\/60\/2022\/07\/20181010-104337-1-1920x1440.jpg 1920w, https:\/\/arquidiocesebh.org.br\/aderi\/wp-content\/uploads\/sites\/60\/2022\/07\/20181010-104337-1-800x600.jpg 800w, https:\/\/arquidiocesebh.org.br\/aderi\/wp-content\/uploads\/sites\/60\/2022\/07\/20181010-104337-1-224x168.jpg 224w\" sizes=\"auto, (max-width: 300px) 100vw, 300px\" \/><\/p>\n<ul>\n<li>Pesquisa<\/li>\n<li>Elabora\u00e7\u00e3o, Execu\u00e7\u00e3o e Gest\u00e3o de Projetos Socioambientais e Culturais<\/li>\n<li>Aconselhamento T\u00e9cnico e Cient\u00edfico em Educa\u00e7\u00e3o, Gest\u00e3o Territorial e Conserva\u00e7\u00e3o Ambiental<\/li>\n<li>Produ\u00e7\u00e3o Bibliogr\u00e1fica e Visual em Ci\u00eancias Humanas, Naturais e Socioambientais<\/li>\n<\/ul>\n<p>&nbsp;<\/p>\n<p>&nbsp;<\/p>\n","protected":false},"excerpt":{"rendered":"<p>Pesquisa Elabora\u00e7\u00e3o, Execu\u00e7\u00e3o e Gest\u00e3o de Projetos Socioambientais e Culturais Aconselhamento T\u00e9cnico e Cient\u00edfico em Educa\u00e7\u00e3o, Gest\u00e3o Territorial e Conserva\u00e7\u00e3o Ambiental Produ\u00e7\u00e3o Bibliogr\u00e1fica e Visual em Ci\u00eancias Humanas, Naturais e Socioambientais &nbsp; &nbsp;<\/p>\n","protected":false},"author":86,"featured_media":0,"parent":1989,"menu_order":0,"comment_status":"closed","ping_status":"closed","template":"","meta":{"_acf_changed":false,"xn-wppe-expiration":[],"xn-wppe-expiration-action":[],"xn-wppe-expiration-prefix":[],"inline_featured_image":false,"footnotes":""},"class_list":["post-2009","page","type-page","status-publish","hentry"],"acf":[],"_links":{"self":[{"href":"https:\/\/arquidiocesebh.org.br\/aderi\/wp-json\/wp\/v2\/pages\/2009","targetHints":{"allow":["GET"]}}],"collection":[{"href":"https:\/\/arquidiocesebh.org.br\/aderi\/wp-json\/wp\/v2\/pages"}],"about":[{"href":"https:\/\/arquidiocesebh.org.br\/aderi\/wp-json\/wp\/v2\/types\/page"}],"author":[{"embeddable":true,"href":"https:\/\/arquidiocesebh.org.br\/aderi\/wp-json\/wp\/v2\/users\/86"}],"replies":[{"embeddable":true,"href":"https:\/\/arquidiocesebh.org.br\/aderi\/wp-json\/wp\/v2\/comments?post=2009"}],"version-history":[{"count":0,"href":"https:\/\/arquidiocesebh.org.br\/aderi\/wp-json\/wp\/v2\/pages\/2009\/revisions"}],"up":[{"embeddable":true,"href":"https:\/\/arquidiocesebh.org.br\/aderi\/wp-json\/wp\/v2\/pages\/1989"}],"wp:attachment":[{"href":"https:\/\/arquidiocesebh.org.br\/aderi\/wp-json\/wp\/v2\/media?parent=2009"}],"curies":[{"name":"wp","href":"https:\/\/api.w.org\/{rel}","templated":true}]}}