{"id":2007,"date":"2022-03-29T12:13:36","date_gmt":"2022-03-29T15:13:36","guid":{"rendered":"https:\/\/arquidiocesebh.org.br\/adere\/?page_id=2007"},"modified":"2022-08-17T17:53:45","modified_gmt":"2022-08-17T20:53:45","slug":"missao-visao-valores","status":"publish","type":"page","link":"https:\/\/arquidiocesebh.org.br\/aderi\/quem-somos\/missao-visao-valores\/","title":{"rendered":"Miss\u00e3o, Vis\u00e3o e Valores"},"content":{"rendered":"<p><strong>Miss\u00e3o<\/strong><\/p>\n<p>Desenvolver a\u00e7\u00f5es de cunho socioambiental, com prop\u00f3sitos buscar coopera\u00e7\u00f5es e integrar espiritualidade, cultura e meio ambiente, para promover a Ecologia Integral.<\/p>\n<p>&nbsp;<\/p>\n<p><strong>Vis\u00e3o\u00a0<\/strong><\/p>\n<p>Ser institui\u00e7\u00e3o que garanta a qualidade de vida das pessoas e dos lugares, desenvolvendo projetos de \u00e2mbitos regionais e internacionais, apoiados nos princ\u00edpios da autoria e opera\u00e7\u00e3o sist\u00eamica de projetos, integrando as dimens\u00f5es espirituais, socioambientais e culturais.<\/p>\n<p>&nbsp;<\/p>\n<p><strong>Valores<\/strong><\/p>\n<ul>\n<li>Igualdade de valor dos seres humanos e garantia de igualdade de direitos entre eles<\/li>\n<li>Liberdade de cria\u00e7\u00e3o, de express\u00e3o do pensamento e de produ\u00e7\u00e3o de conhecimento<\/li>\n<li>Pluralidade: express\u00e3o de igualdade e diferen\u00e7a entre pessoas, iguais porque humanas e diferentes porque singulares<\/li>\n<li>Solidariedade: ades\u00e3o \u00e0 causa do outro, fundada no respeito m\u00fatuo e na interlocu\u00e7\u00e3o entre sujeitos da sociedade<\/li>\n<li>Justi\u00e7a: orientada pela igualdade de direitos e pelo respeito \u00e0s diferen\u00e7as<\/li>\n<li>Sustentabilidade: a Ecologia Integral \u00e9 garantida pela uni\u00e3o entre a valoriza\u00e7\u00e3o da cultura, a conserva\u00e7\u00e3o da natureza e o desenvolvimento sustent\u00e1vel<\/li>\n<\/ul>\n","protected":false},"excerpt":{"rendered":"<p>Miss\u00e3o Desenvolver a\u00e7\u00f5es de cunho socioambiental, com prop\u00f3sitos buscar coopera\u00e7\u00f5es e integrar espiritualidade, cultura e meio ambiente, para promover a Ecologia Integral. &nbsp; Vis\u00e3o\u00a0 Ser institui\u00e7\u00e3o que garanta a qualidade de vida das pessoas e dos lugares, desenvolvendo projetos de \u00e2mbitos regionais e internacionais, apoiados nos princ\u00edpios da autoria e opera\u00e7\u00e3o sist\u00eamica de projetos, integrando [&hellip;]<\/p>\n","protected":false},"author":86,"featured_media":0,"parent":1989,"menu_order":0,"comment_status":"closed","ping_status":"closed","template":"","meta":{"_acf_changed":false,"xn-wppe-expiration":[],"xn-wppe-expiration-action":[],"xn-wppe-expiration-prefix":[],"inline_featured_image":false,"footnotes":""},"class_list":["post-2007","page","type-page","status-publish","hentry"],"acf":[],"_links":{"self":[{"href":"https:\/\/arquidiocesebh.org.br\/aderi\/wp-json\/wp\/v2\/pages\/2007","targetHints":{"allow":["GET"]}}],"collection":[{"href":"https:\/\/arquidiocesebh.org.br\/aderi\/wp-json\/wp\/v2\/pages"}],"about":[{"href":"https:\/\/arquidiocesebh.org.br\/aderi\/wp-json\/wp\/v2\/types\/page"}],"author":[{"embeddable":true,"href":"https:\/\/arquidiocesebh.org.br\/aderi\/wp-json\/wp\/v2\/users\/86"}],"replies":[{"embeddable":true,"href":"https:\/\/arquidiocesebh.org.br\/aderi\/wp-json\/wp\/v2\/comments?post=2007"}],"version-history":[{"count":0,"href":"https:\/\/arquidiocesebh.org.br\/aderi\/wp-json\/wp\/v2\/pages\/2007\/revisions"}],"up":[{"embeddable":true,"href":"https:\/\/arquidiocesebh.org.br\/aderi\/wp-json\/wp\/v2\/pages\/1989"}],"wp:attachment":[{"href":"https:\/\/arquidiocesebh.org.br\/aderi\/wp-json\/wp\/v2\/media?parent=2007"}],"curies":[{"name":"wp","href":"https:\/\/api.w.org\/{rel}","templated":true}]}}