{"id":2005,"date":"2022-03-29T12:12:30","date_gmt":"2022-03-29T15:12:30","guid":{"rendered":"https:\/\/arquidiocesebh.org.br\/adere\/?page_id=2005"},"modified":"2022-07-27T09:49:05","modified_gmt":"2022-07-27T12:49:05","slug":"aderi","status":"publish","type":"page","link":"https:\/\/arquidiocesebh.org.br\/aderi\/quem-somos\/aderi\/","title":{"rendered":"A ADERI"},"content":{"rendered":"<p><img loading=\"lazy\" decoding=\"async\" class=\"size-medium wp-image-2466 alignleft\" src=\"https:\/\/arquidiocesebh.org.br\/aderi\/wp-content\/uploads\/sites\/60\/2022\/07\/pidsant-300x225.jpg\" alt=\"\" width=\"300\" height=\"225\" srcset=\"https:\/\/arquidiocesebh.org.br\/aderi\/wp-content\/uploads\/sites\/60\/2022\/07\/pidsant-300x225.jpg 300w, https:\/\/arquidiocesebh.org.br\/aderi\/wp-content\/uploads\/sites\/60\/2022\/07\/pidsant-1024x768.jpg 1024w, https:\/\/arquidiocesebh.org.br\/aderi\/wp-content\/uploads\/sites\/60\/2022\/07\/pidsant-768x576.jpg 768w, https:\/\/arquidiocesebh.org.br\/aderi\/wp-content\/uploads\/sites\/60\/2022\/07\/pidsant-1536x1152.jpg 1536w, https:\/\/arquidiocesebh.org.br\/aderi\/wp-content\/uploads\/sites\/60\/2022\/07\/pidsant-2048x1536.jpg 2048w, https:\/\/arquidiocesebh.org.br\/aderi\/wp-content\/uploads\/sites\/60\/2022\/07\/pidsant-1920x1440.jpg 1920w, https:\/\/arquidiocesebh.org.br\/aderi\/wp-content\/uploads\/sites\/60\/2022\/07\/pidsant-800x600.jpg 800w, https:\/\/arquidiocesebh.org.br\/aderi\/wp-content\/uploads\/sites\/60\/2022\/07\/pidsant-224x168.jpg 224w\" sizes=\"auto, (max-width: 300px) 100vw, 300px\" \/> A Ag\u00eancia Regional de Desenvolvimento Integrado (Aderi) nasce da uni\u00e3o entre a PUC Minas \u2013 maior universidade cat\u00f3lica do mundo \u2013 e a Mitra Arquidiocesana de Belo Horizonte \u2013 institui\u00e7\u00e3o da Igreja Cat\u00f3lica respons\u00e1vel administrativamente pelas par\u00f3quias da Capital Mineira e de outros 27 munic\u00edpios da Regi\u00e3o Metropolitana de Belo Horizonte. Assim, renomados profissionais de diferentes \u00e1reas do conhecimento colaboram com a Ag\u00eancia: professores da PUC Minas e t\u00e9cnicos com s\u00f3lida experi\u00eancia nos campos preserva\u00e7\u00e3o ambiental, turismo religioso, gastron\u00f4mico e promo\u00e7\u00e3o de bens culturais.<\/p>\n<p>Cultivar, produzir e preservar \u2013 O desenvolvimento de empreendimentos nas \u00e1reas de preserva\u00e7\u00e3o ambiental protegidas pelo poder p\u00fablico exige a elabora\u00e7\u00e3o de planos de manejo. Esses planos devem indicar m\u00e9todos de explora\u00e7\u00e3o do territ\u00f3rio que garantam o respeito ao meio ambiente. A Ag\u00eancia de Desenvolvimento Integrado (Aderi) nasce, justamente, para ajudar empreendedores a planejarem seus neg\u00f3cios a partir dos par\u00e2metros do desenvolvimento sustent\u00e1vel.<\/p>\n<p>&nbsp;<\/p>\n<p><img loading=\"lazy\" decoding=\"async\" class=\"size-medium wp-image-2465 alignleft\" src=\"https:\/\/arquidiocesebh.org.br\/aderi\/wp-content\/uploads\/sites\/60\/2022\/07\/anuro-piedade-300x225.jpg\" alt=\"\" width=\"300\" height=\"225\" srcset=\"https:\/\/arquidiocesebh.org.br\/aderi\/wp-content\/uploads\/sites\/60\/2022\/07\/anuro-piedade-300x225.jpg 300w, https:\/\/arquidiocesebh.org.br\/aderi\/wp-content\/uploads\/sites\/60\/2022\/07\/anuro-piedade-1024x768.jpg 1024w, https:\/\/arquidiocesebh.org.br\/aderi\/wp-content\/uploads\/sites\/60\/2022\/07\/anuro-piedade-768x576.jpg 768w, https:\/\/arquidiocesebh.org.br\/aderi\/wp-content\/uploads\/sites\/60\/2022\/07\/anuro-piedade-1536x1152.jpg 1536w, https:\/\/arquidiocesebh.org.br\/aderi\/wp-content\/uploads\/sites\/60\/2022\/07\/anuro-piedade-2048x1536.jpg 2048w, https:\/\/arquidiocesebh.org.br\/aderi\/wp-content\/uploads\/sites\/60\/2022\/07\/anuro-piedade-1920x1440.jpg 1920w, https:\/\/arquidiocesebh.org.br\/aderi\/wp-content\/uploads\/sites\/60\/2022\/07\/anuro-piedade-800x600.jpg 800w, https:\/\/arquidiocesebh.org.br\/aderi\/wp-content\/uploads\/sites\/60\/2022\/07\/anuro-piedade-224x168.jpg 224w\" sizes=\"auto, (max-width: 300px) 100vw, 300px\" \/><\/p>\n<p>\u00c9 poss\u00edvel gerar riquezas e preservar?<\/p>\n<p>O territ\u00f3rio mineiro \u00e9 f\u00e9rtil, rico em belezas naturais. O Estado tamb\u00e9m \u00e9 singular pela religiosidade de seu povo, com a presen\u00e7a da arte barroca e de diferentes manifesta\u00e7\u00f5es culturais. H\u00e1, pois, um grande potencial para o desenvolvimento do turismo religioso, cultural, ecol\u00f3gico e gastron\u00f4mico. Tamb\u00e9m \u00e9 poss\u00edvel conciliar in\u00fameras produ\u00e7\u00f5es, ligadas \u00e0 agricultura, pecu\u00e1ria e ao com\u00e9rcio, com o respeito \u00e0 principal fonte de todas as riquezas do Estado: seus recursos naturais.<\/p>\n<p>\u2013 Atua\u00e7\u00e3o<\/p>\n<p>A Aderi dedica-se \u00e0 preserva\u00e7\u00e3o do conjunto religioso, arquitet\u00f4nico, cultural e paisag\u00edstico do Santu\u00e1rio Bas\u00edlica Nossa Senhora da Piedade \u2013 Padroeira de Minas Gerais. Sua equipe t\u00e9cnica \u00e9 capacitada para oferecer consultorias, elaborar projetos e diagn\u00f3sticos, atendendo as necessidades de empreendedores comprometidos com o desenvolvimento sustent\u00e1vel.<\/p>\n","protected":false},"excerpt":{"rendered":"<p>A Ag\u00eancia Regional de Desenvolvimento Integrado (Aderi) nasce da uni\u00e3o entre a PUC Minas \u2013 maior universidade cat\u00f3lica do mundo \u2013 e a Mitra Arquidiocesana de Belo Horizonte \u2013 institui\u00e7\u00e3o da Igreja Cat\u00f3lica respons\u00e1vel administrativamente pelas par\u00f3quias da Capital Mineira e de outros 27 munic\u00edpios da Regi\u00e3o Metropolitana de Belo Horizonte. Assim, renomados profissionais de [&hellip;]<\/p>\n","protected":false},"author":86,"featured_media":0,"parent":1989,"menu_order":0,"comment_status":"closed","ping_status":"closed","template":"","meta":{"_acf_changed":false,"xn-wppe-expiration":[],"xn-wppe-expiration-action":[],"xn-wppe-expiration-prefix":[],"inline_featured_image":false,"footnotes":""},"class_list":["post-2005","page","type-page","status-publish","hentry"],"acf":[],"_links":{"self":[{"href":"https:\/\/arquidiocesebh.org.br\/aderi\/wp-json\/wp\/v2\/pages\/2005","targetHints":{"allow":["GET"]}}],"collection":[{"href":"https:\/\/arquidiocesebh.org.br\/aderi\/wp-json\/wp\/v2\/pages"}],"about":[{"href":"https:\/\/arquidiocesebh.org.br\/aderi\/wp-json\/wp\/v2\/types\/page"}],"author":[{"embeddable":true,"href":"https:\/\/arquidiocesebh.org.br\/aderi\/wp-json\/wp\/v2\/users\/86"}],"replies":[{"embeddable":true,"href":"https:\/\/arquidiocesebh.org.br\/aderi\/wp-json\/wp\/v2\/comments?post=2005"}],"version-history":[{"count":0,"href":"https:\/\/arquidiocesebh.org.br\/aderi\/wp-json\/wp\/v2\/pages\/2005\/revisions"}],"up":[{"embeddable":true,"href":"https:\/\/arquidiocesebh.org.br\/aderi\/wp-json\/wp\/v2\/pages\/1989"}],"wp:attachment":[{"href":"https:\/\/arquidiocesebh.org.br\/aderi\/wp-json\/wp\/v2\/media?parent=2005"}],"curies":[{"name":"wp","href":"https:\/\/api.w.org\/{rel}","templated":true}]}}