{"id":1996,"date":"2022-03-29T11:57:52","date_gmt":"2022-03-29T14:57:52","guid":{"rendered":"https:\/\/arquidiocesebh.org.br\/adere\/?page_id=1996"},"modified":"2022-07-28T10:49:04","modified_gmt":"2022-07-28T13:49:04","slug":"documentos-de-referencia","status":"publish","type":"page","link":"https:\/\/arquidiocesebh.org.br\/aderi\/quem-somos\/documentos-de-referencia\/","title":{"rendered":"Documentos de refer\u00eancia"},"content":{"rendered":"<p><strong>Enc\u00edclicas<\/strong><\/p>\n<p><span style=\"font-weight: 400\">Abordando quest\u00f5es sobre biodiversidade, sustentabilidade e fraternidade, as cartas Enc\u00edclicas do Papa Francisco s\u00e3o os principais documentos de refer\u00eancia usados para nortear as a\u00e7\u00f5es da ADERI para a Ecologia Integral. <\/span><\/p>\n<ul>\n<li style=\"font-weight: 400\"><span style=\"font-weight: 400\">Laudato Si&#8217;<\/span><\/li>\n<li style=\"font-weight: 400\"><span style=\"font-weight: 400\">Fratelli Tuti<\/span><\/li>\n<\/ul>\n<p><a href=\"https:\/\/www.vatican.va\/content\/francesco\/pt\/encyclicals.index.html\" target=\"_blank\" rel=\"noopener\"><span style=\"font-size: 10pt\">https:\/\/www.vatican.va\/content\/francesco\/pt\/encyclicals.index.html<\/span>\u00a0<\/a><\/p>\n<p>&nbsp;<\/p>\n<p><strong>Carta de Clara e Francisco<\/strong><\/p>\n<p><span style=\"font-weight: 400\">Al\u00e9m das cartas Enc\u00edclicas, a carta de Clara e Francisco traz importantes reflex\u00f5es para a Ecologia Integral no campo da Economia, apontando a necessidade de se colocar a vida no centro das rela\u00e7\u00f5es econ\u00f4micas.<\/span><\/p>\n<p><span style=\"font-size: 10pt\"><a href=\"https:\/\/anec.org.br\/noticias\/carta-de-clara-e-francisco-direto-do-brasil-para-o-encontro-mundial-em-assis\/\" target=\"_blank\" rel=\"noopener\">https:\/\/anec.org.br\/noticias\/carta-de-clara-e-francisco-direto-do-brasil-para-o-encontro-mundial-em-assis\/<\/a><\/span><\/p>\n<p>&nbsp;<\/p>\n<p><span style=\"font-weight: 400\"><strong>Pacto Educativo Global &#8211; <a href=\"https:\/\/anec.org.br\/acao\/pacto-educativo-global\/\" target=\"_blank\" rel=\"noopener\">link\u00a0<\/a><\/strong><\/span><\/p>\n<p>A conscientiza\u00e7\u00e3o e sensibiliza\u00e7\u00e3o de pessoas para as quest\u00f5es socioambientais \u00e9 fundamental para que se tenha uma sociedade comprometida em agir pelo bem da Casa Comum. A partir de uma educa\u00e7\u00e3o que envolva toda a comunidade, onde h\u00e1 uma troca de saberes e di\u00e1logos, torna-se poss\u00edvel a constru\u00e7\u00e3o de uma sociedade que busque a\u00e7\u00f5es para o cuidado com o planeta.<\/p>\n<p>&nbsp;<\/p>\n<p><span style=\"font-weight: 400\"><strong>Vaticano<\/strong>\u00a0<\/span><\/p>\n<p><span style=\"font-weight: 400;color: #993300\">S\u00ednodo da Amaz\u00f4nia<\/span><\/p>\n<p>Em torno da evidente import\u00e2ncia socioambiental da Amaz\u00f4nia, o S\u00ednodo da Amaz\u00f4nia traz uma s\u00e9rie de documentos que busca sensibilizar e mobilizar a Igreja e toda pessoa de boa vontade a preservar e proteger a beleza e riqueza natural e cultural, assim como lutar pelos direitos dos mais pobres e dos povos nativos.<\/p>\n<ul>\n<li style=\"font-weight: 400\"><span style=\"font-weight: 400\">Documento preparat\u00f3rio\u00a0<\/span><\/li>\n<li><span style=\"font-weight: 400\">Instrumentum laboris\u00a0<\/span><\/li>\n<li><span style=\"font-weight: 400\">Documento final\u00a0<\/span><\/li>\n<li><span style=\"font-weight: 400\">Querida Amaz\u00f4nia\u00a0<\/span><\/li>\n<\/ul>\n<p><a href=\"http:\/\/secretariat.synod.va\/content\/sinodoamazonico\/pt.html\" target=\"_blank\" rel=\"noopener\"><span style=\"font-size: 10pt\">http:\/\/secretariat.synod.va\/content\/sinodoamazonico\/pt.html<\/span>\u00a0<\/a><\/p>\n<p>&nbsp;<\/p>\n<p><span style=\"color: #993300\">Mensagem do Papa Francisco \u00c0 COP26\u00a0<\/span><\/p>\n<p>Mensagem enviada pelo Papa Francisco ao presidente da COP26\u00a0 sobre a mudan\u00e7a clim\u00e1tica: <span style=\"font-size: 10pt\"><a href=\"https:\/\/www.vatican.va\/content\/francesco\/pt\/messages\/pont-messages\/2021\/documents\/20211029-messaggio-cop26-glasgow.html\" target=\"_blank\" rel=\"noopener\">https:\/\/www.vatican.va\/content\/francesco\/pt\/messages\/pont-messages\/2021\/documents\/20211029-messaggio-cop26-glasgow.html<\/a><\/span><\/p>\n<p>&nbsp;<\/p>\n<p><strong>Objetivos do Desenvolvimento Sustent\u00e1vel (ODS)\u00a0<\/strong><\/p>\n<p><span style=\"font-weight: 400\">Em 2015, a Organiza\u00e7\u00e3o das Na\u00e7\u00f5es Unidas (ONU) prop\u00f4s uma Agenda contendo 17 objetivos para o Desenvolvimento Sustent\u00e1vel e 169 metas que buscam garantir a dignidade humana e proteger o planeta da degrada\u00e7\u00e3o, assegurando uma vida pr\u00f3spera e em harmonia com a natureza. Sendo um plano de a\u00e7\u00e3o mundial, os 193 pa\u00edses membros da ONU aderiram \u00e0 Agenda, havendo movimentos em todo o mundo, governamentais e n\u00e3o governamentais, agindo para alcan\u00e7ar os objetivos at\u00e9 2030.<\/span><\/p>\n<p><a href=\"https:\/\/brasil.un.org\/pt-br\/91863-agenda-2030-para-o-desenvolvimento-sustentavel\" target=\"_blank\" rel=\"noopener\">https:\/\/brasil.un.org\/pt-br\/91863-agenda-2030-para-o-desenvolvimento-sustentavel\u00a0<\/a><\/p>\n","protected":false},"excerpt":{"rendered":"<p>Enc\u00edclicas Abordando quest\u00f5es sobre biodiversidade, sustentabilidade e fraternidade, as cartas Enc\u00edclicas do Papa Francisco s\u00e3o os principais documentos de refer\u00eancia usados para nortear as a\u00e7\u00f5es da ADERI para a Ecologia Integral. Laudato Si&#8217; Fratelli Tuti https:\/\/www.vatican.va\/content\/francesco\/pt\/encyclicals.index.html\u00a0 &nbsp; Carta de Clara e Francisco Al\u00e9m das cartas Enc\u00edclicas, a carta de Clara e Francisco traz importantes reflex\u00f5es [&hellip;]<\/p>\n","protected":false},"author":86,"featured_media":0,"parent":1989,"menu_order":0,"comment_status":"closed","ping_status":"closed","template":"","meta":{"_acf_changed":false,"xn-wppe-expiration":[],"xn-wppe-expiration-action":[],"xn-wppe-expiration-prefix":[],"inline_featured_image":false,"footnotes":""},"class_list":["post-1996","page","type-page","status-publish","hentry"],"acf":[],"_links":{"self":[{"href":"https:\/\/arquidiocesebh.org.br\/aderi\/wp-json\/wp\/v2\/pages\/1996","targetHints":{"allow":["GET"]}}],"collection":[{"href":"https:\/\/arquidiocesebh.org.br\/aderi\/wp-json\/wp\/v2\/pages"}],"about":[{"href":"https:\/\/arquidiocesebh.org.br\/aderi\/wp-json\/wp\/v2\/types\/page"}],"author":[{"embeddable":true,"href":"https:\/\/arquidiocesebh.org.br\/aderi\/wp-json\/wp\/v2\/users\/86"}],"replies":[{"embeddable":true,"href":"https:\/\/arquidiocesebh.org.br\/aderi\/wp-json\/wp\/v2\/comments?post=1996"}],"version-history":[{"count":0,"href":"https:\/\/arquidiocesebh.org.br\/aderi\/wp-json\/wp\/v2\/pages\/1996\/revisions"}],"up":[{"embeddable":true,"href":"https:\/\/arquidiocesebh.org.br\/aderi\/wp-json\/wp\/v2\/pages\/1989"}],"wp:attachment":[{"href":"https:\/\/arquidiocesebh.org.br\/aderi\/wp-json\/wp\/v2\/media?parent=1996"}],"curies":[{"name":"wp","href":"https:\/\/api.w.org\/{rel}","templated":true}]}}